{"id":97,"date":"2024-10-12T10:02:57","date_gmt":"2024-10-12T08:02:57","guid":{"rendered":"https:\/\/xn--lnamargonphotographe-b2b.fr\/?page_id=97"},"modified":"2026-03-16T12:28:51","modified_gmt":"2026-03-16T11:28:51","slug":"grossesse","status":"publish","type":"page","link":"https:\/\/xn--lnamargonphotographe-b2b.fr\/index.php\/grossesse\/","title":{"rendered":"Grossesse"},"content":{"rendered":"\n<p class=\"has-text-align-center\" style=\"font-style:normal;font-weight:100\"><strong>C\u00e9l\u00e9brons ensemble ce moment unique o\u00f9 tout commence : <\/strong><\/p>\n\n\n\n<p style=\"font-style:normal;font-weight:100\">La magie d\u2019une vie qui grandit Porter la vie est un voyage magnifique, et chaque \u00e9tape de ce chemin m\u00e9rite d\u2019\u00eatre c\u00e9l\u00e9br\u00e9e. Une s\u00e9ance photo de grossesse, c\u2019est l\u2019opportunit\u00e9 de capturer cette p\u00e9riode pleine d\u2019espoir, de changements et d\u2019amour. Avec moi, chaque s\u00e9ance devient un moment de tendresse, une pause pour se reconnecter avec ce miracle de la vie en devenir. Dans un environnement qui vous est cher ou en pleine nature, nous mettrons en valeur ces instants uniques o\u00f9 chaque geste, chaque regard raconte une histoire. Ensemble, nous cr\u00e9erons une s\u00e9rie d\u2019images empreintes de douceur et de beaut\u00e9, en accord avec ce moment pr\u00e9cieux que vous vivez. Je jouerai avec la lumi\u00e8re naturelle, les angles et les d\u00e9tails pour immortaliser \u00e0 la fois la force et la fragilit\u00e9 de cet instant. Votre grossesse est une histoire unique, et mon objectif est de la raconter \u00e0 travers des images qui vous ressemblent, pleines de sensibilit\u00e9 et de po\u00e9sie. Des souvenirs qui vous accompagneront, m\u00eame bien apr\u00e8s la naissance de votre enfant.<\/p>\n\n\n\n<figure class=\"wp-block-gallery has-nested-images columns-default is-cropped wp-block-gallery-1 is-layout-flex wp-block-gallery-is-layout-flex\">\n<figure class=\"wp-block-image size-large\"><img fetchpriority=\"high\" decoding=\"async\" width=\"1024\" height=\"681\" data-id=\"945\" src=\"https:\/\/xn--lnamargonphotographe-b2b.fr\/wp-content\/uploads\/2026\/03\/Grossesse-Emeline-7-sur-43-1024x681.jpg\" alt=\"\" class=\"wp-image-945\" srcset=\"https:\/\/xn--lnamargonphotographe-b2b.fr\/wp-content\/uploads\/2026\/03\/Grossesse-Emeline-7-sur-43-1024x681.jpg 1024w, https:\/\/xn--lnamargonphotographe-b2b.fr\/wp-content\/uploads\/2026\/03\/Grossesse-Emeline-7-sur-43-300x200.jpg 300w, https:\/\/xn--lnamargonphotographe-b2b.fr\/wp-content\/uploads\/2026\/03\/Grossesse-Emeline-7-sur-43-2000x1331.jpg 2000w\" sizes=\"(max-width: 1024px) 100vw, 1024px\" \/><\/figure>\n\n\n\n<figure class=\"wp-block-image size-large\"><img decoding=\"async\" width=\"1024\" height=\"681\" data-id=\"944\" src=\"https:\/\/xn--lnamargonphotographe-b2b.fr\/wp-content\/uploads\/2026\/03\/Grossesse-Emeline-4-sur-43-1024x681.jpg\" alt=\"\" class=\"wp-image-944\" srcset=\"https:\/\/xn--lnamargonphotographe-b2b.fr\/wp-content\/uploads\/2026\/03\/Grossesse-Emeline-4-sur-43-1024x681.jpg 1024w, https:\/\/xn--lnamargonphotographe-b2b.fr\/wp-content\/uploads\/2026\/03\/Grossesse-Emeline-4-sur-43-300x200.jpg 300w, https:\/\/xn--lnamargonphotographe-b2b.fr\/wp-content\/uploads\/2026\/03\/Grossesse-Emeline-4-sur-43-2000x1331.jpg 2000w\" sizes=\"(max-width: 1024px) 100vw, 1024px\" \/><\/figure>\n\n\n\n<figure class=\"wp-block-image size-large\"><img decoding=\"async\" width=\"681\" height=\"1024\" data-id=\"949\" src=\"https:\/\/xn--lnamargonphotographe-b2b.fr\/wp-content\/uploads\/2026\/03\/Grossesse-Emeline-23-sur-43-681x1024.jpg\" alt=\"\" class=\"wp-image-949\" srcset=\"https:\/\/xn--lnamargonphotographe-b2b.fr\/wp-content\/uploads\/2026\/03\/Grossesse-Emeline-23-sur-43-681x1024.jpg 681w, https:\/\/xn--lnamargonphotographe-b2b.fr\/wp-content\/uploads\/2026\/03\/Grossesse-Emeline-23-sur-43-200x300.jpg 200w, https:\/\/xn--lnamargonphotographe-b2b.fr\/wp-content\/uploads\/2026\/03\/Grossesse-Emeline-23-sur-43-2000x3006.jpg 2000w, https:\/\/xn--lnamargonphotographe-b2b.fr\/wp-content\/uploads\/2026\/03\/Grossesse-Emeline-23-sur-43-scaled.jpg 1703w\" sizes=\"(max-width: 681px) 100vw, 681px\" \/><\/figure>\n\n\n\n<figure class=\"wp-block-image size-large\"><img loading=\"lazy\" decoding=\"async\" width=\"1024\" height=\"681\" data-id=\"948\" src=\"https:\/\/xn--lnamargonphotographe-b2b.fr\/wp-content\/uploads\/2026\/03\/Grossesse-Emeline-22-sur-43-1024x681.jpg\" alt=\"\" class=\"wp-image-948\" srcset=\"https:\/\/xn--lnamargonphotographe-b2b.fr\/wp-content\/uploads\/2026\/03\/Grossesse-Emeline-22-sur-43-1024x681.jpg 1024w, https:\/\/xn--lnamargonphotographe-b2b.fr\/wp-content\/uploads\/2026\/03\/Grossesse-Emeline-22-sur-43-300x200.jpg 300w, https:\/\/xn--lnamargonphotographe-b2b.fr\/wp-content\/uploads\/2026\/03\/Grossesse-Emeline-22-sur-43-2000x1331.jpg 2000w\" sizes=\"(max-width: 1024px) 100vw, 1024px\" \/><\/figure>\n\n\n\n<figure class=\"wp-block-image size-large\"><img loading=\"lazy\" decoding=\"async\" width=\"681\" height=\"1024\" data-id=\"950\" src=\"https:\/\/xn--lnamargonphotographe-b2b.fr\/wp-content\/uploads\/2026\/03\/Grossesse-Emeline-33-sur-43-681x1024.jpg\" alt=\"\" class=\"wp-image-950\" srcset=\"https:\/\/xn--lnamargonphotographe-b2b.fr\/wp-content\/uploads\/2026\/03\/Grossesse-Emeline-33-sur-43-681x1024.jpg 681w, https:\/\/xn--lnamargonphotographe-b2b.fr\/wp-content\/uploads\/2026\/03\/Grossesse-Emeline-33-sur-43-200x300.jpg 200w, https:\/\/xn--lnamargonphotographe-b2b.fr\/wp-content\/uploads\/2026\/03\/Grossesse-Emeline-33-sur-43-2000x3006.jpg 2000w, https:\/\/xn--lnamargonphotographe-b2b.fr\/wp-content\/uploads\/2026\/03\/Grossesse-Emeline-33-sur-43-scaled.jpg 1703w\" sizes=\"(max-width: 681px) 100vw, 681px\" \/><\/figure>\n\n\n\n<figure class=\"wp-block-image size-large\"><img loading=\"lazy\" decoding=\"async\" width=\"681\" height=\"1024\" data-id=\"946\" src=\"https:\/\/xn--lnamargonphotographe-b2b.fr\/wp-content\/uploads\/2026\/03\/Grossesse-Emeline-19-sur-43-681x1024.jpg\" alt=\"\" class=\"wp-image-946\" srcset=\"https:\/\/xn--lnamargonphotographe-b2b.fr\/wp-content\/uploads\/2026\/03\/Grossesse-Emeline-19-sur-43-681x1024.jpg 681w, https:\/\/xn--lnamargonphotographe-b2b.fr\/wp-content\/uploads\/2026\/03\/Grossesse-Emeline-19-sur-43-200x300.jpg 200w, https:\/\/xn--lnamargonphotographe-b2b.fr\/wp-content\/uploads\/2026\/03\/Grossesse-Emeline-19-sur-43-2000x3006.jpg 2000w, https:\/\/xn--lnamargonphotographe-b2b.fr\/wp-content\/uploads\/2026\/03\/Grossesse-Emeline-19-sur-43-scaled.jpg 1703w\" sizes=\"(max-width: 681px) 100vw, 681px\" \/><\/figure>\n\n\n\n<figure class=\"wp-block-image size-large\"><img loading=\"lazy\" decoding=\"async\" width=\"681\" height=\"1024\" data-id=\"952\" src=\"https:\/\/xn--lnamargonphotographe-b2b.fr\/wp-content\/uploads\/2026\/03\/Grossesse-Emeline-35-sur-43-681x1024.jpg\" alt=\"\" class=\"wp-image-952\" srcset=\"https:\/\/xn--lnamargonphotographe-b2b.fr\/wp-content\/uploads\/2026\/03\/Grossesse-Emeline-35-sur-43-681x1024.jpg 681w, https:\/\/xn--lnamargonphotographe-b2b.fr\/wp-content\/uploads\/2026\/03\/Grossesse-Emeline-35-sur-43-200x300.jpg 200w, https:\/\/xn--lnamargonphotographe-b2b.fr\/wp-content\/uploads\/2026\/03\/Grossesse-Emeline-35-sur-43-2000x3006.jpg 2000w, https:\/\/xn--lnamargonphotographe-b2b.fr\/wp-content\/uploads\/2026\/03\/Grossesse-Emeline-35-sur-43-scaled.jpg 1703w\" sizes=\"(max-width: 681px) 100vw, 681px\" \/><\/figure>\n\n\n\n<figure class=\"wp-block-image size-large\"><img loading=\"lazy\" decoding=\"async\" width=\"681\" height=\"1024\" data-id=\"947\" src=\"https:\/\/xn--lnamargonphotographe-b2b.fr\/wp-content\/uploads\/2026\/03\/Grossesse-Emeline-20-sur-43-681x1024.jpg\" alt=\"\" class=\"wp-image-947\" srcset=\"https:\/\/xn--lnamargonphotographe-b2b.fr\/wp-content\/uploads\/2026\/03\/Grossesse-Emeline-20-sur-43-681x1024.jpg 681w, https:\/\/xn--lnamargonphotographe-b2b.fr\/wp-content\/uploads\/2026\/03\/Grossesse-Emeline-20-sur-43-200x300.jpg 200w, https:\/\/xn--lnamargonphotographe-b2b.fr\/wp-content\/uploads\/2026\/03\/Grossesse-Emeline-20-sur-43-2000x3006.jpg 2000w, https:\/\/xn--lnamargonphotographe-b2b.fr\/wp-content\/uploads\/2026\/03\/Grossesse-Emeline-20-sur-43-scaled.jpg 1704w\" sizes=\"(max-width: 681px) 100vw, 681px\" \/><\/figure>\n\n\n\n<figure class=\"wp-block-image size-large\"><img loading=\"lazy\" decoding=\"async\" width=\"681\" height=\"1024\" data-id=\"953\" src=\"https:\/\/xn--lnamargonphotographe-b2b.fr\/wp-content\/uploads\/2026\/03\/Grossesse-Emeline-36-sur-43-681x1024.jpg\" alt=\"\" class=\"wp-image-953\" srcset=\"https:\/\/xn--lnamargonphotographe-b2b.fr\/wp-content\/uploads\/2026\/03\/Grossesse-Emeline-36-sur-43-681x1024.jpg 681w, https:\/\/xn--lnamargonphotographe-b2b.fr\/wp-content\/uploads\/2026\/03\/Grossesse-Emeline-36-sur-43-200x300.jpg 200w, https:\/\/xn--lnamargonphotographe-b2b.fr\/wp-content\/uploads\/2026\/03\/Grossesse-Emeline-36-sur-43-2000x3006.jpg 2000w, https:\/\/xn--lnamargonphotographe-b2b.fr\/wp-content\/uploads\/2026\/03\/Grossesse-Emeline-36-sur-43-scaled.jpg 1703w\" sizes=\"(max-width: 681px) 100vw, 681px\" \/><\/figure>\n\n\n\n<figure class=\"wp-block-image size-large\"><img loading=\"lazy\" decoding=\"async\" width=\"681\" height=\"1024\" data-id=\"951\" src=\"https:\/\/xn--lnamargonphotographe-b2b.fr\/wp-content\/uploads\/2026\/03\/Grossesse-Emeline-34-sur-43-681x1024.jpg\" alt=\"\" class=\"wp-image-951\" srcset=\"https:\/\/xn--lnamargonphotographe-b2b.fr\/wp-content\/uploads\/2026\/03\/Grossesse-Emeline-34-sur-43-681x1024.jpg 681w, https:\/\/xn--lnamargonphotographe-b2b.fr\/wp-content\/uploads\/2026\/03\/Grossesse-Emeline-34-sur-43-200x300.jpg 200w, https:\/\/xn--lnamargonphotographe-b2b.fr\/wp-content\/uploads\/2026\/03\/Grossesse-Emeline-34-sur-43-2000x3006.jpg 2000w, https:\/\/xn--lnamargonphotographe-b2b.fr\/wp-content\/uploads\/2026\/03\/Grossesse-Emeline-34-sur-43-scaled.jpg 1703w\" sizes=\"(max-width: 681px) 100vw, 681px\" \/><\/figure>\n\n\n\n<figure class=\"wp-block-image size-large\"><img loading=\"lazy\" decoding=\"async\" width=\"681\" height=\"1024\" data-id=\"943\" src=\"https:\/\/xn--lnamargonphotographe-b2b.fr\/wp-content\/uploads\/2026\/03\/Grossesse-Emeline-3-sur-43-681x1024.jpg\" alt=\"\" class=\"wp-image-943\" srcset=\"https:\/\/xn--lnamargonphotographe-b2b.fr\/wp-content\/uploads\/2026\/03\/Grossesse-Emeline-3-sur-43-681x1024.jpg 681w, https:\/\/xn--lnamargonphotographe-b2b.fr\/wp-content\/uploads\/2026\/03\/Grossesse-Emeline-3-sur-43-200x300.jpg 200w, https:\/\/xn--lnamargonphotographe-b2b.fr\/wp-content\/uploads\/2026\/03\/Grossesse-Emeline-3-sur-43-2000x3006.jpg 2000w, https:\/\/xn--lnamargonphotographe-b2b.fr\/wp-content\/uploads\/2026\/03\/Grossesse-Emeline-3-sur-43-scaled.jpg 1703w\" sizes=\"(max-width: 681px) 100vw, 681px\" \/><\/figure>\n\n\n\n<figure class=\"wp-block-image size-large\"><img loading=\"lazy\" decoding=\"async\" width=\"681\" height=\"1024\" data-id=\"942\" src=\"https:\/\/xn--lnamargonphotographe-b2b.fr\/wp-content\/uploads\/2026\/03\/Grossesse-Emeline-1-sur-43-681x1024.jpg\" alt=\"\" class=\"wp-image-942\" srcset=\"https:\/\/xn--lnamargonphotographe-b2b.fr\/wp-content\/uploads\/2026\/03\/Grossesse-Emeline-1-sur-43-681x1024.jpg 681w, https:\/\/xn--lnamargonphotographe-b2b.fr\/wp-content\/uploads\/2026\/03\/Grossesse-Emeline-1-sur-43-200x300.jpg 200w, https:\/\/xn--lnamargonphotographe-b2b.fr\/wp-content\/uploads\/2026\/03\/Grossesse-Emeline-1-sur-43-2000x3006.jpg 2000w, https:\/\/xn--lnamargonphotographe-b2b.fr\/wp-content\/uploads\/2026\/03\/Grossesse-Emeline-1-sur-43-scaled.jpg 1704w\" sizes=\"(max-width: 681px) 100vw, 681px\" \/><\/figure>\n\n\n\n<figure class=\"wp-block-image size-large\"><img loading=\"lazy\" decoding=\"async\" width=\"603\" height=\"1024\" data-id=\"641\" src=\"https:\/\/xn--lnamargonphotographe-b2b.fr\/wp-content\/uploads\/2024\/11\/DSCF7294-603x1024.jpg\" alt=\"\" class=\"wp-image-641\" srcset=\"https:\/\/xn--lnamargonphotographe-b2b.fr\/wp-content\/uploads\/2024\/11\/DSCF7294-603x1024.jpg 603w, https:\/\/xn--lnamargonphotographe-b2b.fr\/wp-content\/uploads\/2024\/11\/DSCF7294-177x300.jpg 177w, https:\/\/xn--lnamargonphotographe-b2b.fr\/wp-content\/uploads\/2024\/11\/DSCF7294.jpg 1493w\" sizes=\"(max-width: 603px) 100vw, 603px\" \/><\/figure>\n\n\n\n<figure class=\"wp-block-image size-large\"><img loading=\"lazy\" decoding=\"async\" width=\"680\" height=\"1024\" data-id=\"642\" src=\"https:\/\/xn--lnamargonphotographe-b2b.fr\/wp-content\/uploads\/2024\/11\/DSCF7336-680x1024.jpg\" alt=\"\" class=\"wp-image-642\" srcset=\"https:\/\/xn--lnamargonphotographe-b2b.fr\/wp-content\/uploads\/2024\/11\/DSCF7336-680x1024.jpg 680w, https:\/\/xn--lnamargonphotographe-b2b.fr\/wp-content\/uploads\/2024\/11\/DSCF7336-199x300.jpg 199w, https:\/\/xn--lnamargonphotographe-b2b.fr\/wp-content\/uploads\/2024\/11\/DSCF7336-2000x3012.jpg 2000w, https:\/\/xn--lnamargonphotographe-b2b.fr\/wp-content\/uploads\/2024\/11\/DSCF7336-scaled.jpg 1700w\" sizes=\"(max-width: 680px) 100vw, 680px\" \/><\/figure>\n\n\n\n<figure class=\"wp-block-image size-large\"><img loading=\"lazy\" decoding=\"async\" width=\"659\" height=\"1024\" data-id=\"626\" src=\"https:\/\/xn--lnamargonphotographe-b2b.fr\/wp-content\/uploads\/2024\/11\/DSC_1445-659x1024.jpg\" alt=\"\" class=\"wp-image-626\" srcset=\"https:\/\/xn--lnamargonphotographe-b2b.fr\/wp-content\/uploads\/2024\/11\/DSC_1445-659x1024.jpg 659w, https:\/\/xn--lnamargonphotographe-b2b.fr\/wp-content\/uploads\/2024\/11\/DSC_1445-193x300.jpg 193w, https:\/\/xn--lnamargonphotographe-b2b.fr\/wp-content\/uploads\/2024\/11\/DSC_1445-2000x3107.jpg 2000w, https:\/\/xn--lnamargonphotographe-b2b.fr\/wp-content\/uploads\/2024\/11\/DSC_1445-scaled.jpg 1648w\" sizes=\"(max-width: 659px) 100vw, 659px\" \/><\/figure>\n\n\n\n<figure class=\"wp-block-image size-large\"><img loading=\"lazy\" decoding=\"async\" width=\"634\" height=\"1024\" data-id=\"630\" src=\"https:\/\/xn--lnamargonphotographe-b2b.fr\/wp-content\/uploads\/2024\/11\/DSC_1557-634x1024.jpg\" alt=\"\" class=\"wp-image-630\" srcset=\"https:\/\/xn--lnamargonphotographe-b2b.fr\/wp-content\/uploads\/2024\/11\/DSC_1557-634x1024.jpg 634w, https:\/\/xn--lnamargonphotographe-b2b.fr\/wp-content\/uploads\/2024\/11\/DSC_1557-186x300.jpg 186w, https:\/\/xn--lnamargonphotographe-b2b.fr\/wp-content\/uploads\/2024\/11\/DSC_1557-2000x3233.jpg 2000w, https:\/\/xn--lnamargonphotographe-b2b.fr\/wp-content\/uploads\/2024\/11\/DSC_1557-scaled.jpg 1584w\" sizes=\"(max-width: 634px) 100vw, 634px\" \/><\/figure>\n\n\n\n<figure class=\"wp-block-image size-large\"><img loading=\"lazy\" decoding=\"async\" width=\"681\" height=\"1024\" data-id=\"629\" src=\"https:\/\/xn--lnamargonphotographe-b2b.fr\/wp-content\/uploads\/2024\/11\/DSC_1533-681x1024.jpg\" alt=\"\" class=\"wp-image-629\" srcset=\"https:\/\/xn--lnamargonphotographe-b2b.fr\/wp-content\/uploads\/2024\/11\/DSC_1533-681x1024.jpg 681w, https:\/\/xn--lnamargonphotographe-b2b.fr\/wp-content\/uploads\/2024\/11\/DSC_1533-200x300.jpg 200w, https:\/\/xn--lnamargonphotographe-b2b.fr\/wp-content\/uploads\/2024\/11\/DSC_1533-2000x3006.jpg 2000w, https:\/\/xn--lnamargonphotographe-b2b.fr\/wp-content\/uploads\/2024\/11\/DSC_1533-scaled.jpg 1703w\" sizes=\"(max-width: 681px) 100vw, 681px\" \/><\/figure>\n\n\n\n<figure class=\"wp-block-image size-large\"><img loading=\"lazy\" decoding=\"async\" width=\"676\" height=\"1024\" data-id=\"622\" src=\"https:\/\/xn--lnamargonphotographe-b2b.fr\/wp-content\/uploads\/2024\/11\/DSC_1303-676x1024.jpg\" alt=\"\" class=\"wp-image-622\" srcset=\"https:\/\/xn--lnamargonphotographe-b2b.fr\/wp-content\/uploads\/2024\/11\/DSC_1303-676x1024.jpg 676w, https:\/\/xn--lnamargonphotographe-b2b.fr\/wp-content\/uploads\/2024\/11\/DSC_1303-198x300.jpg 198w, https:\/\/xn--lnamargonphotographe-b2b.fr\/wp-content\/uploads\/2024\/11\/DSC_1303-2000x3029.jpg 2000w, https:\/\/xn--lnamargonphotographe-b2b.fr\/wp-content\/uploads\/2024\/11\/DSC_1303-scaled.jpg 1690w\" sizes=\"(max-width: 676px) 100vw, 676px\" \/><\/figure>\n\n\n\n<figure class=\"wp-block-image size-large\"><img loading=\"lazy\" decoding=\"async\" width=\"696\" height=\"1024\" data-id=\"620\" src=\"https:\/\/xn--lnamargonphotographe-b2b.fr\/wp-content\/uploads\/2024\/11\/DSC_1152-696x1024.jpg\" alt=\"\" class=\"wp-image-620\" srcset=\"https:\/\/xn--lnamargonphotographe-b2b.fr\/wp-content\/uploads\/2024\/11\/DSC_1152-696x1024.jpg 696w, https:\/\/xn--lnamargonphotographe-b2b.fr\/wp-content\/uploads\/2024\/11\/DSC_1152-204x300.jpg 204w, https:\/\/xn--lnamargonphotographe-b2b.fr\/wp-content\/uploads\/2024\/11\/DSC_1152-2000x2944.jpg 2000w, https:\/\/xn--lnamargonphotographe-b2b.fr\/wp-content\/uploads\/2024\/11\/DSC_1152-scaled.jpg 1739w\" sizes=\"(max-width: 696px) 100vw, 696px\" \/><\/figure>\n\n\n\n<figure class=\"wp-block-image size-large\"><img loading=\"lazy\" decoding=\"async\" width=\"1024\" height=\"681\" data-id=\"275\" src=\"https:\/\/xn--lnamargonphotographe-b2b.fr\/wp-content\/uploads\/2024\/10\/Jules-Maya-11-1024x681.jpg\" alt=\"\" class=\"wp-image-275\" srcset=\"https:\/\/xn--lnamargonphotographe-b2b.fr\/wp-content\/uploads\/2024\/10\/Jules-Maya-11-1024x681.jpg 1024w, https:\/\/xn--lnamargonphotographe-b2b.fr\/wp-content\/uploads\/2024\/10\/Jules-Maya-11-300x200.jpg 300w, https:\/\/xn--lnamargonphotographe-b2b.fr\/wp-content\/uploads\/2024\/10\/Jules-Maya-11-2000x1331.jpg 2000w, https:\/\/xn--lnamargonphotographe-b2b.fr\/wp-content\/uploads\/2024\/10\/Jules-Maya-11-600x400.jpg 600w\" sizes=\"(max-width: 1024px) 100vw, 1024px\" \/><\/figure>\n\n\n\n<figure class=\"wp-block-image size-large\"><img loading=\"lazy\" decoding=\"async\" width=\"1024\" height=\"681\" data-id=\"274\" src=\"https:\/\/xn--lnamargonphotographe-b2b.fr\/wp-content\/uploads\/2024\/10\/Jules-Maya-6-1024x681.jpg\" alt=\"\" class=\"wp-image-274\" srcset=\"https:\/\/xn--lnamargonphotographe-b2b.fr\/wp-content\/uploads\/2024\/10\/Jules-Maya-6-1024x681.jpg 1024w, https:\/\/xn--lnamargonphotographe-b2b.fr\/wp-content\/uploads\/2024\/10\/Jules-Maya-6-300x200.jpg 300w, https:\/\/xn--lnamargonphotographe-b2b.fr\/wp-content\/uploads\/2024\/10\/Jules-Maya-6-2000x1331.jpg 2000w, https:\/\/xn--lnamargonphotographe-b2b.fr\/wp-content\/uploads\/2024\/10\/Jules-Maya-6-600x400.jpg 600w\" sizes=\"(max-width: 1024px) 100vw, 1024px\" \/><\/figure>\n\n\n\n<figure class=\"wp-block-image size-large\"><img loading=\"lazy\" decoding=\"async\" width=\"1024\" height=\"681\" data-id=\"273\" src=\"https:\/\/xn--lnamargonphotographe-b2b.fr\/wp-content\/uploads\/2024\/10\/Jules-Maya-5-1024x681.jpg\" alt=\"\" class=\"wp-image-273\" srcset=\"https:\/\/xn--lnamargonphotographe-b2b.fr\/wp-content\/uploads\/2024\/10\/Jules-Maya-5-1024x681.jpg 1024w, https:\/\/xn--lnamargonphotographe-b2b.fr\/wp-content\/uploads\/2024\/10\/Jules-Maya-5-300x200.jpg 300w\" sizes=\"(max-width: 1024px) 100vw, 1024px\" \/><\/figure>\n\n\n\n<figure class=\"wp-block-image size-large\"><img loading=\"lazy\" decoding=\"async\" width=\"1024\" height=\"681\" data-id=\"140\" src=\"https:\/\/xn--lnamargonphotographe-b2b.fr\/wp-content\/uploads\/2024\/10\/DSC_4777-1024x681.jpg\" alt=\"\" class=\"wp-image-140\" srcset=\"https:\/\/xn--lnamargonphotographe-b2b.fr\/wp-content\/uploads\/2024\/10\/DSC_4777-1024x681.jpg 1024w, https:\/\/xn--lnamargonphotographe-b2b.fr\/wp-content\/uploads\/2024\/10\/DSC_4777-300x200.jpg 300w\" sizes=\"(max-width: 1024px) 100vw, 1024px\" \/><\/figure>\n\n\n\n<figure class=\"wp-block-image size-large\"><img loading=\"lazy\" decoding=\"async\" width=\"705\" height=\"1024\" data-id=\"141\" src=\"https:\/\/xn--lnamargonphotographe-b2b.fr\/wp-content\/uploads\/2024\/10\/DSC_4937-705x1024.jpg\" alt=\"\" class=\"wp-image-141\" srcset=\"https:\/\/xn--lnamargonphotographe-b2b.fr\/wp-content\/uploads\/2024\/10\/DSC_4937-705x1024.jpg 705w, https:\/\/xn--lnamargonphotographe-b2b.fr\/wp-content\/uploads\/2024\/10\/DSC_4937-206x300.jpg 206w, https:\/\/xn--lnamargonphotographe-b2b.fr\/wp-content\/uploads\/2024\/10\/DSC_4937-2000x2907.jpg 2000w, https:\/\/xn--lnamargonphotographe-b2b.fr\/wp-content\/uploads\/2024\/10\/DSC_4937-scaled.jpg 1761w\" sizes=\"(max-width: 705px) 100vw, 705px\" \/><\/figure>\n\n\n\n<figure class=\"wp-block-image size-large\"><img loading=\"lazy\" decoding=\"async\" width=\"681\" height=\"1024\" data-id=\"138\" src=\"https:\/\/xn--lnamargonphotographe-b2b.fr\/wp-content\/uploads\/2024\/10\/DSC_4874-681x1024.jpg\" alt=\"\" class=\"wp-image-138\" srcset=\"https:\/\/xn--lnamargonphotographe-b2b.fr\/wp-content\/uploads\/2024\/10\/DSC_4874-681x1024.jpg 681w, https:\/\/xn--lnamargonphotographe-b2b.fr\/wp-content\/uploads\/2024\/10\/DSC_4874-200x300.jpg 200w, https:\/\/xn--lnamargonphotographe-b2b.fr\/wp-content\/uploads\/2024\/10\/DSC_4874-2000x3006.jpg 2000w, https:\/\/xn--lnamargonphotographe-b2b.fr\/wp-content\/uploads\/2024\/10\/DSC_4874-scaled.jpg 1703w\" sizes=\"(max-width: 681px) 100vw, 681px\" \/><\/figure>\n\n\n\n<figure class=\"wp-block-image size-large\"><img loading=\"lazy\" decoding=\"async\" width=\"681\" height=\"1024\" data-id=\"615\" src=\"https:\/\/xn--lnamargonphotographe-b2b.fr\/wp-content\/uploads\/2024\/11\/DSC_1286-681x1024.jpg\" alt=\"\" class=\"wp-image-615\" srcset=\"https:\/\/xn--lnamargonphotographe-b2b.fr\/wp-content\/uploads\/2024\/11\/DSC_1286-681x1024.jpg 681w, https:\/\/xn--lnamargonphotographe-b2b.fr\/wp-content\/uploads\/2024\/11\/DSC_1286-200x300.jpg 200w, https:\/\/xn--lnamargonphotographe-b2b.fr\/wp-content\/uploads\/2024\/11\/DSC_1286-2000x3006.jpg 2000w, https:\/\/xn--lnamargonphotographe-b2b.fr\/wp-content\/uploads\/2024\/11\/DSC_1286-scaled.jpg 1703w\" sizes=\"(max-width: 681px) 100vw, 681px\" \/><\/figure>\n\n\n\n<figure class=\"wp-block-image size-large\"><img loading=\"lazy\" decoding=\"async\" width=\"1024\" height=\"790\" data-id=\"618\" src=\"https:\/\/xn--lnamargonphotographe-b2b.fr\/wp-content\/uploads\/2024\/11\/DSC_1107-1024x790.jpg\" alt=\"\" class=\"wp-image-618\" srcset=\"https:\/\/xn--lnamargonphotographe-b2b.fr\/wp-content\/uploads\/2024\/11\/DSC_1107-1024x790.jpg 1024w, https:\/\/xn--lnamargonphotographe-b2b.fr\/wp-content\/uploads\/2024\/11\/DSC_1107-300x232.jpg 300w, https:\/\/xn--lnamargonphotographe-b2b.fr\/wp-content\/uploads\/2024\/11\/DSC_1107-2000x1544.jpg 2000w\" sizes=\"(max-width: 1024px) 100vw, 1024px\" \/><\/figure>\n\n\n\n<figure class=\"wp-block-image size-large\"><img loading=\"lazy\" decoding=\"async\" width=\"532\" height=\"1024\" data-id=\"864\" src=\"https:\/\/xn--lnamargonphotographe-b2b.fr\/wp-content\/uploads\/2025\/06\/Lulu-Caro-Adam-58-532x1024.jpg\" alt=\"\" class=\"wp-image-864\" srcset=\"https:\/\/xn--lnamargonphotographe-b2b.fr\/wp-content\/uploads\/2025\/06\/Lulu-Caro-Adam-58-532x1024.jpg 532w, https:\/\/xn--lnamargonphotographe-b2b.fr\/wp-content\/uploads\/2025\/06\/Lulu-Caro-Adam-58-156x300.jpg 156w, https:\/\/xn--lnamargonphotographe-b2b.fr\/wp-content\/uploads\/2025\/06\/Lulu-Caro-Adam-58-scaled.jpg 1331w\" sizes=\"(max-width: 532px) 100vw, 532px\" \/><\/figure>\n\n\n\n<figure class=\"wp-block-image size-large\"><img loading=\"lazy\" decoding=\"async\" width=\"1024\" height=\"634\" data-id=\"853\" src=\"https:\/\/xn--lnamargonphotographe-b2b.fr\/wp-content\/uploads\/2025\/06\/Lulu-Caro-Adam-21-1024x634.jpg\" alt=\"\" class=\"wp-image-853\" srcset=\"https:\/\/xn--lnamargonphotographe-b2b.fr\/wp-content\/uploads\/2025\/06\/Lulu-Caro-Adam-21-1024x634.jpg 1024w, https:\/\/xn--lnamargonphotographe-b2b.fr\/wp-content\/uploads\/2025\/06\/Lulu-Caro-Adam-21-300x186.jpg 300w, https:\/\/xn--lnamargonphotographe-b2b.fr\/wp-content\/uploads\/2025\/06\/Lulu-Caro-Adam-21-2000x1239.jpg 2000w\" sizes=\"(max-width: 1024px) 100vw, 1024px\" \/><\/figure>\n\n\n\n<figure class=\"wp-block-image size-large\"><img loading=\"lazy\" decoding=\"async\" width=\"681\" height=\"1024\" data-id=\"850\" src=\"https:\/\/xn--lnamargonphotographe-b2b.fr\/wp-content\/uploads\/2025\/06\/Lulu-Caro-Adam-13-681x1024.jpg\" alt=\"\" class=\"wp-image-850\" srcset=\"https:\/\/xn--lnamargonphotographe-b2b.fr\/wp-content\/uploads\/2025\/06\/Lulu-Caro-Adam-13-681x1024.jpg 681w, https:\/\/xn--lnamargonphotographe-b2b.fr\/wp-content\/uploads\/2025\/06\/Lulu-Caro-Adam-13-200x300.jpg 200w, https:\/\/xn--lnamargonphotographe-b2b.fr\/wp-content\/uploads\/2025\/06\/Lulu-Caro-Adam-13-2000x3006.jpg 2000w, https:\/\/xn--lnamargonphotographe-b2b.fr\/wp-content\/uploads\/2025\/06\/Lulu-Caro-Adam-13-scaled.jpg 1703w\" sizes=\"(max-width: 681px) 100vw, 681px\" \/><\/figure>\n<\/figure>\n\n\n\n<p><\/p>\n","protected":false},"excerpt":{"rendered":"<p>C\u00e9l\u00e9brons ensemble ce moment unique o\u00f9 tout commence : La magie d\u2019une vie qui grandit Porter la vie est un voyage magnifique, et chaque \u00e9tape de ce chemin m\u00e9rite d\u2019\u00eatre c\u00e9l\u00e9br\u00e9e. Une s\u00e9ance photo de grossesse, c\u2019est l\u2019opportunit\u00e9 de capturer cette p\u00e9riode pleine d\u2019espoir, de changements et d\u2019amour. Avec moi, chaque s\u00e9ance devient un moment &hellip; <\/p>\n<p class=\"link-more\"><a href=\"https:\/\/xn--lnamargonphotographe-b2b.fr\/index.php\/grossesse\/\" class=\"more-link\">Lire la suite de<span class=\"screen-reader-text\">\u00ab\u00a0Grossesse\u00a0\u00bb<\/span><\/a><\/p>\n","protected":false},"author":1,"featured_media":0,"parent":0,"menu_order":0,"comment_status":"closed","ping_status":"closed","template":"","meta":{"inspiro_hide_title":false,"footnotes":""},"class_list":["post-97","page","type-page","status-publish","hentry"],"_links":{"self":[{"href":"https:\/\/xn--lnamargonphotographe-b2b.fr\/index.php\/wp-json\/wp\/v2\/pages\/97","targetHints":{"allow":["GET"]}}],"collection":[{"href":"https:\/\/xn--lnamargonphotographe-b2b.fr\/index.php\/wp-json\/wp\/v2\/pages"}],"about":[{"href":"https:\/\/xn--lnamargonphotographe-b2b.fr\/index.php\/wp-json\/wp\/v2\/types\/page"}],"author":[{"embeddable":true,"href":"https:\/\/xn--lnamargonphotographe-b2b.fr\/index.php\/wp-json\/wp\/v2\/users\/1"}],"replies":[{"embeddable":true,"href":"https:\/\/xn--lnamargonphotographe-b2b.fr\/index.php\/wp-json\/wp\/v2\/comments?post=97"}],"version-history":[{"count":10,"href":"https:\/\/xn--lnamargonphotographe-b2b.fr\/index.php\/wp-json\/wp\/v2\/pages\/97\/revisions"}],"predecessor-version":[{"id":954,"href":"https:\/\/xn--lnamargonphotographe-b2b.fr\/index.php\/wp-json\/wp\/v2\/pages\/97\/revisions\/954"}],"wp:attachment":[{"href":"https:\/\/xn--lnamargonphotographe-b2b.fr\/index.php\/wp-json\/wp\/v2\/media?parent=97"}],"curies":[{"name":"wp","href":"https:\/\/api.w.org\/{rel}","templated":true}]}}