{"id":41,"date":"2024-10-11T13:59:27","date_gmt":"2024-10-11T11:59:27","guid":{"rendered":"https:\/\/xn--lnamargonphotographe-b2b.fr\/?page_id=41"},"modified":"2024-11-08T14:35:48","modified_gmt":"2024-11-08T13:35:48","slug":"a-propos","status":"publish","type":"page","link":"https:\/\/xn--lnamargonphotographe-b2b.fr\/index.php\/a-propos\/","title":{"rendered":"A propos"},"content":{"rendered":"\n<p style=\"font-style:normal;font-weight:100\">Vous avez des questions, vous voulez r\u00e9server votre s\u00e9ance unique \u00e0 vous ? Tout se trouve ici, sinon n&rsquo;h\u00e9siter pas \u00e0 me contacter.<\/p>\n\n\n<style>#sp-ea-527 .spcollapsing { height: 0; overflow: hidden; transition-property: height;transition-duration: 300ms;}#sp-ea-527.sp-easy-accordion>.sp-ea-single {margin-bottom: 10px; border: 1px solid #e2e2e2; }#sp-ea-527.sp-easy-accordion>.sp-ea-single>.ea-header a {color: #444;}#sp-ea-527.sp-easy-accordion>.sp-ea-single>.sp-collapse>.ea-body {background: #fff; color: #5b5b5b;}#sp-ea-527.sp-easy-accordion>.sp-ea-single {background: #eee;}#sp-ea-527.sp-easy-accordion>.sp-ea-single>.ea-header a .ea-expand-icon { float: left; color: #444;font-size: 16px;}<\/style><div id=\"sp_easy_accordion-1729340908\"><div id=\"sp-ea-527\" class=\"sp-ea-one sp-easy-accordion\" data-ea-active=\"ea-click\" data-ea-mode=\"vertical\" data-preloader=\"\" data-scroll-active-item=\"\" data-offset-to-scroll=\"0\"><div class=\"ea-card sp-ea-single\"><h3 class=\"ea-header\"><a class=\"collapsed\" id=\"ea-header-5270\" role=\"button\" data-sptoggle=\"spcollapse\" data-sptarget=\"#collapse5270\" aria-controls=\"collapse5270\" href=\"#\" aria-expanded=\"false\" tabindex=\"0\"><i aria-hidden=\"true\" role=\"presentation\" class=\"ea-expand-icon eap-icon-ea-expand-plus\"><\/i> Comment r\u00e9server ma futur s\u00e9ance ? <\/a><\/h3><div class=\"sp-collapse spcollapse spcollapse\" id=\"collapse5270\" data-parent=\"#sp-ea-527\" role=\"region\" aria-labelledby=\"ea-header-5270\"> <div class=\"ea-body\"><p>Pour r\u00e9server une s\u00e9ance photo, rien de plus simple : vous pouvez me contacter directement via le formulaire de contact sur mon site, par email ou sur mes r\u00e9seaux sociaux. Indiquez-moi le type de s\u00e9ance qui vous int\u00e9resse, vos disponibilit\u00e9s, et ensemble, nous discuterons de votre projet pour cr\u00e9er une s\u00e9ance photo unique et parfaitement adapt\u00e9e \u00e0 vous.<\/p><\/div><\/div><\/div><div class=\"ea-card sp-ea-single\"><h3 class=\"ea-header\"><a class=\"collapsed\" id=\"ea-header-5271\" role=\"button\" data-sptoggle=\"spcollapse\" data-sptarget=\"#collapse5271\" aria-controls=\"collapse5271\" href=\"#\" aria-expanded=\"false\" tabindex=\"0\"><i aria-hidden=\"true\" role=\"presentation\" class=\"ea-expand-icon eap-icon-ea-expand-plus\"><\/i> Combien de temps avant devons-nous r\u00e9server notre s\u00e9ance ?<\/a><\/h3><div class=\"sp-collapse spcollapse spcollapse\" id=\"collapse5271\" data-parent=\"#sp-ea-527\" role=\"region\" aria-labelledby=\"ea-header-5271\"> <div class=\"ea-body\"><p>ll est toujours pr\u00e9f\u00e9rable de r\u00e9server votre s\u00e9ance le plus t\u00f4t possible afin de prendre le temps d\u2019\u00e9changer sur votre projet, de choisir les lieux et les ambiances qui vous correspondent. Pour un mariage, je recommande de r\u00e9server votre photographe bien \u00e0 l\u2019avance, id\u00e9alement jusqu\u2019\u00e0 un an avant la date, si cela est possible. C\u2019est une journ\u00e9e importante \u00e0 organiser, alors d\u00e8s que vous avez trouv\u00e9 le photographe dont le style vous pla\u00eet et avec qui vous vous sentez \u00e0 l\u2019aise, n\u2019h\u00e9sitez pas \u00e0 effectuer votre r\u00e9servation.<\/p><\/div><\/div><\/div><div class=\"ea-card sp-ea-single\"><h3 class=\"ea-header\"><a class=\"collapsed\" id=\"ea-header-5272\" role=\"button\" data-sptoggle=\"spcollapse\" data-sptarget=\"#collapse5272\" aria-controls=\"collapse5272\" href=\"#\" aria-expanded=\"false\" tabindex=\"0\"><i aria-hidden=\"true\" role=\"presentation\" class=\"ea-expand-icon eap-icon-ea-expand-plus\"><\/i> Quels sont tes tarifs ?<\/a><\/h3><div class=\"sp-collapse spcollapse spcollapse\" id=\"collapse5272\" data-parent=\"#sp-ea-527\" role=\"region\" aria-labelledby=\"ea-header-5272\"> <div class=\"ea-body\"><p><em>Le tarif de chaque prestation varie en fonction de la localisation, du type de s\u00e9ance souhait\u00e9e, et de la dur\u00e9e de la s\u00e9ance.<\/em><\/p><\/div><\/div><\/div><div class=\"ea-card sp-ea-single\"><h3 class=\"ea-header\"><a class=\"collapsed\" id=\"ea-header-5273\" role=\"button\" data-sptoggle=\"spcollapse\" data-sptarget=\"#collapse5273\" aria-controls=\"collapse5273\" href=\"#\" aria-expanded=\"false\" tabindex=\"0\"><i aria-hidden=\"true\" role=\"presentation\" class=\"ea-expand-icon eap-icon-ea-expand-plus\"><\/i> Comment allons nous recevoir notre projet et sous combien de temps apr\u00e8s la s\u00e9ance ?<\/a><\/h3><div class=\"sp-collapse spcollapse spcollapse\" id=\"collapse5273\" data-parent=\"#sp-ea-527\" role=\"region\" aria-labelledby=\"ea-header-5273\"> <div class=\"ea-body\"><p>Votre projet vous sera livr\u00e9 selon vos pr\u00e9f\u00e9rences : par un lien s\u00e9curis\u00e9 pour un t\u00e9l\u00e9chargement direct, via une cl\u00e9 USB, ou en remise en main propre. Les d\u00e9lais de livraison varient en fonction de la complexit\u00e9 du projet. Pour les prestations importantes, comme les mariages, le d\u00e9lai est de 3 semaines \u00e0 1 mois, tandis que pour les projets de plus petite envergure, la livraison se fait g\u00e9n\u00e9ralement sous 1 \u00e0 2 semaines. Chaque retouche est minutieusement r\u00e9alis\u00e9e afin d\u2019assurer un rendu final impeccable, alliant subtilit\u00e9 et perfection.<\/p><\/div><\/div><\/div><div class=\"ea-card sp-ea-single\"><h3 class=\"ea-header\"><a class=\"collapsed\" id=\"ea-header-5274\" role=\"button\" data-sptoggle=\"spcollapse\" data-sptarget=\"#collapse5274\" aria-controls=\"collapse5274\" href=\"#\" aria-expanded=\"false\" tabindex=\"0\"><i aria-hidden=\"true\" role=\"presentation\" class=\"ea-expand-icon eap-icon-ea-expand-plus\"><\/i> Combien de photo allons nous recevoir ?<\/a><\/h3><div class=\"sp-collapse spcollapse spcollapse\" id=\"collapse5274\" data-parent=\"#sp-ea-527\" role=\"region\" aria-labelledby=\"ea-header-5274\"> <div class=\"ea-body\"><p>Mon objectif est de vous offrir un large choix de photos \u00e0 la suite de chaque s\u00e9ance. Je ne fixe ni minimum ni maximum, car chaque projet est unique. Je m\u2019engage \u00e0 retoucher autant de photos que possible pour vous garantir une grande diversit\u00e9 dans les images, afin que vous puissiez pleinement profiter de la richesse de votre exp\u00e9rience.<\/p><\/div><\/div><\/div><div class=\"ea-card sp-ea-single\"><h3 class=\"ea-header\"><a class=\"collapsed\" id=\"ea-header-5275\" role=\"button\" data-sptoggle=\"spcollapse\" data-sptarget=\"#collapse5275\" aria-controls=\"collapse5275\" href=\"#\" aria-expanded=\"false\" tabindex=\"0\"><i aria-hidden=\"true\" role=\"presentation\" class=\"ea-expand-icon eap-icon-ea-expand-plus\"><\/i> Quel est ton style photographique ?<\/a><\/h3><div class=\"sp-collapse spcollapse spcollapse\" id=\"collapse5275\" data-parent=\"#sp-ea-527\" role=\"region\" aria-labelledby=\"ea-header-5275\"> <div class=\"ea-body\"><p>Mon approche en photographie se distingue par la subtilit\u00e9 et la discr\u00e9tion. Mon objectif est de capturer des instants authentiques sans jamais perturber l\u2019ambiance naturelle de la s\u00e9ance. Chaque photo est retouch\u00e9e avec soin, dans un style alliant modernit\u00e9 et \u00e9l\u00e9gance, pour r\u00e9v\u00e9ler la beaut\u00e9 et l\u2019\u00e9motion de chaque moment tout en respectant sa singularit\u00e9.<\/p><\/div><\/div><\/div><div class=\"ea-card sp-ea-single\"><h3 class=\"ea-header\"><a class=\"collapsed\" id=\"ea-header-5276\" role=\"button\" data-sptoggle=\"spcollapse\" data-sptarget=\"#collapse5276\" aria-controls=\"collapse5276\" href=\"#\" aria-expanded=\"false\" tabindex=\"0\"><i aria-hidden=\"true\" role=\"presentation\" class=\"ea-expand-icon eap-icon-ea-expand-plus\"><\/i> Je ne suis pas \u00e0 l\u2019aise et\/ou pas photog\u00e9nique devant l\u2019objectif, comment faire ?<\/a><\/h3><div class=\"sp-collapse spcollapse spcollapse\" id=\"collapse5276\" data-parent=\"#sp-ea-527\" role=\"region\" aria-labelledby=\"ea-header-5276\"> <div class=\"ea-body\"><p>Il est tout \u00e0 fait normal de ne pas se sentir \u00e0 l\u2019aise devant l\u2019objectif. Mon r\u00f4le est justement de cr\u00e9er une atmosph\u00e8re d\u00e9tendue o\u00f9 vous vous sentirez en confiance. Je prends le temps de vous guider et de vous mettre \u00e0 l\u2019aise tout au long de la s\u00e9ance, pour que vous puissiez vous exprimer naturellement. Gr\u00e2ce \u00e0 une composition soign\u00e9e et des retouches d\u00e9licates, je m\u2019assure que chaque image saisisse l\u2019essence de votre beaut\u00e9 avec \u00e9l\u00e9gance.<\/p><\/div><\/div><\/div><div class=\"ea-card sp-ea-single\"><h3 class=\"ea-header\"><a class=\"collapsed\" id=\"ea-header-5277\" role=\"button\" data-sptoggle=\"spcollapse\" data-sptarget=\"#collapse5277\" aria-controls=\"collapse5277\" href=\"#\" aria-expanded=\"false\" tabindex=\"0\"><i aria-hidden=\"true\" role=\"presentation\" class=\"ea-expand-icon eap-icon-ea-expand-plus\"><\/i> Jusqu\u2019ou allez-vous pour couvrir un mariage ou autre s\u00e9ance ?<\/a><\/h3><div class=\"sp-collapse spcollapse spcollapse\" id=\"collapse5277\" data-parent=\"#sp-ea-527\" role=\"region\" aria-labelledby=\"ea-header-5277\"> <div class=\"ea-body\"><p>Il n\u2019y a pas de limite g\u00e9ographique lorsque vous avez un coup de c\u0153ur pour un photographe ou bien un lieu. Je suis pr\u00eate \u00e0 me d\u00e9placer pour capturer vos moments, quelle que soit la distance. Cependant, des frais de d\u00e9placement peuvent s\u2019appliquer en fonction de l\u2019emplacement de la s\u00e9ance.<\/p><\/div><\/div><\/div><\/div><\/div>\n\n\n\n<p style=\"font-style:normal;font-weight:300\"><\/p>\n\n\n\n<hr class=\"wp-block-separator has-alpha-channel-opacity is-style-wide\"\/>\n\n\n\n<p class=\"has-text-align-center\"><\/p>\n\n\n\n<p class=\"has-text-align-center\"><\/p>\n\n\n\n<p class=\"has-text-align-center has-medium-font-size\" style=\"text-decoration:underline\"><strong><em>Politique de Publication :<\/em><\/strong><\/p>\n\n\n\n<p class=\"has-text-align-center\" style=\"font-style:normal;font-weight:100\"> Toutes les photos prises par moi-m\u00eame seront g\u00e9n\u00e9ralement disponibles pour publication, sauf dans le cas de demandes exceptionnelles de non-publication sp\u00e9cifi\u00e9es par le client. Votre satisfaction \u00e9tant ma priorit\u00e9 absolue, je suis disponible pour r\u00e9pondre \u00e0 vos questions et adapter mes services \u00e0 vos besoins sp\u00e9cifiques. N&rsquo;h\u00e9sitez pas \u00e0 me contacter pour discuter de votre projet photographique ou pour planifier une s\u00e9ance.<\/p>\n\n\n\n<p class=\"has-text-align-center\" style=\"font-style:normal;font-weight:100\">Merci \u00e0 vous, chers clients, pour votre confiance et votre fid\u00e9lit\u00e9. Gr\u00e2ce \u00e0 vous, chaque instant captur\u00e9 devient un souvenir pr\u00e9cieux, un t\u00e9moignage de la beaut\u00e9 de la vie. Que vous souhaitiez immortaliser un moment seul, en famille, ou entre amis, je suis l\u00e0 pour vous aider \u00e0 cr\u00e9er des images qui refl\u00e8tent votre essence. La photographie est bien plus qu&rsquo;une simple image, c&rsquo;est un outil puissant pour renforcer votre confiance en vous, en r\u00e9v\u00e9lant votre beaut\u00e9 int\u00e9rieure et ext\u00e9rieure. N&rsquo;h\u00e9sitez pas \u00e0 me contacter par t\u00e9l\u00e9phone, e-mail, ou message pour discuter de vos id\u00e9es et fixer un rendez-vous. <\/p>\n\n\n\n<p class=\"has-text-align-center has-medium-font-size\" style=\"font-style:normal;font-weight:100;line-height:1.5;text-decoration:underline\"><em>Ensemble, faisons de vos moments des souvenirs \u00e9ternels.<\/em><\/p>\n\n\n\n<hr class=\"wp-block-separator has-alpha-channel-opacity is-style-wide\"\/>\n","protected":false},"excerpt":{"rendered":"<p>Vous avez des questions, vous voulez r\u00e9server votre s\u00e9ance unique \u00e0 vous ? Tout se trouve ici, sinon n&rsquo;h\u00e9siter pas \u00e0 me contacter. Politique de Publication : Toutes les photos prises par moi-m\u00eame seront g\u00e9n\u00e9ralement disponibles pour publication, sauf dans le cas de demandes exceptionnelles de non-publication sp\u00e9cifi\u00e9es par le client. Votre satisfaction \u00e9tant ma &hellip; <\/p>\n<p class=\"link-more\"><a href=\"https:\/\/xn--lnamargonphotographe-b2b.fr\/index.php\/a-propos\/\" class=\"more-link\">Lire la suite de<span class=\"screen-reader-text\">\u00ab\u00a0A propos\u00a0\u00bb<\/span><\/a><\/p>\n","protected":false},"author":1,"featured_media":0,"parent":0,"menu_order":0,"comment_status":"closed","ping_status":"closed","template":"","meta":{"inspiro_hide_title":false,"footnotes":""},"class_list":["post-41","page","type-page","status-publish","hentry"],"_links":{"self":[{"href":"https:\/\/xn--lnamargonphotographe-b2b.fr\/index.php\/wp-json\/wp\/v2\/pages\/41","targetHints":{"allow":["GET"]}}],"collection":[{"href":"https:\/\/xn--lnamargonphotographe-b2b.fr\/index.php\/wp-json\/wp\/v2\/pages"}],"about":[{"href":"https:\/\/xn--lnamargonphotographe-b2b.fr\/index.php\/wp-json\/wp\/v2\/types\/page"}],"author":[{"embeddable":true,"href":"https:\/\/xn--lnamargonphotographe-b2b.fr\/index.php\/wp-json\/wp\/v2\/users\/1"}],"replies":[{"embeddable":true,"href":"https:\/\/xn--lnamargonphotographe-b2b.fr\/index.php\/wp-json\/wp\/v2\/comments?post=41"}],"version-history":[{"count":14,"href":"https:\/\/xn--lnamargonphotographe-b2b.fr\/index.php\/wp-json\/wp\/v2\/pages\/41\/revisions"}],"predecessor-version":[{"id":659,"href":"https:\/\/xn--lnamargonphotographe-b2b.fr\/index.php\/wp-json\/wp\/v2\/pages\/41\/revisions\/659"}],"wp:attachment":[{"href":"https:\/\/xn--lnamargonphotographe-b2b.fr\/index.php\/wp-json\/wp\/v2\/media?parent=41"}],"curies":[{"name":"wp","href":"https:\/\/api.w.org\/{rel}","templated":true}]}}