{"id":350,"date":"2024-10-14T12:51:01","date_gmt":"2024-10-14T10:51:01","guid":{"rendered":"https:\/\/xn--lnamargonphotographe-b2b.fr\/?page_id=350"},"modified":"2026-03-16T12:51:33","modified_gmt":"2026-03-16T11:51:33","slug":"artistique_abstrait","status":"publish","type":"page","link":"https:\/\/xn--lnamargonphotographe-b2b.fr\/index.php\/artistique_abstrait\/","title":{"rendered":"La Photo Th\u00e9rapie"},"content":{"rendered":"\n<p class=\"has-text-align-center has-medium-font-size\">La phototh\u00e9rapie est une rencontre entre l\u2019image et l\u2019\u00e9motion.<\/p>\n\n\n\n<p class=\"has-text-align-center\">\u00c0 travers cette exp\u00e9rience, je vous accompagne avec douceur pour vous aider \u00e0 vous voir autrement, \u00e0 reprendre confiance et \u00e0 vous reconnecter \u00e0 vous-m\u00eame.<\/p>\n\n\n\n<p class=\"has-text-align-center\" style=\"font-style:normal;font-weight:100\">Un moment hors du temps, pour se red\u00e9couvrir avec bienveillance.<\/p>\n\n\n\n<figure class=\"wp-block-gallery has-nested-images columns-default is-cropped wp-block-gallery-1 is-layout-flex wp-block-gallery-is-layout-flex\">\n<figure class=\"wp-block-image size-large\"><img fetchpriority=\"high\" decoding=\"async\" width=\"683\" height=\"1024\" data-id=\"254\" src=\"https:\/\/xn--lnamargonphotographe-b2b.fr\/wp-content\/uploads\/2024\/10\/DSC7210-683x1024.jpg\" alt=\"\" class=\"wp-image-254\" srcset=\"https:\/\/xn--lnamargonphotographe-b2b.fr\/wp-content\/uploads\/2024\/10\/DSC7210-683x1024.jpg 683w, https:\/\/xn--lnamargonphotographe-b2b.fr\/wp-content\/uploads\/2024\/10\/DSC7210-200x300.jpg 200w, https:\/\/xn--lnamargonphotographe-b2b.fr\/wp-content\/uploads\/2024\/10\/DSC7210-2000x2997.jpg 2000w, https:\/\/xn--lnamargonphotographe-b2b.fr\/wp-content\/uploads\/2024\/10\/DSC7210-scaled.jpg 1709w\" sizes=\"(max-width: 683px) 100vw, 683px\" \/><\/figure>\n\n\n\n<figure class=\"wp-block-image size-large\"><img decoding=\"async\" width=\"683\" height=\"1024\" data-id=\"234\" src=\"https:\/\/xn--lnamargonphotographe-b2b.fr\/wp-content\/uploads\/2024\/10\/DSC7292-683x1024.jpg\" alt=\"\" class=\"wp-image-234\" srcset=\"https:\/\/xn--lnamargonphotographe-b2b.fr\/wp-content\/uploads\/2024\/10\/DSC7292-683x1024.jpg 683w, https:\/\/xn--lnamargonphotographe-b2b.fr\/wp-content\/uploads\/2024\/10\/DSC7292-200x300.jpg 200w, https:\/\/xn--lnamargonphotographe-b2b.fr\/wp-content\/uploads\/2024\/10\/DSC7292-2000x2997.jpg 2000w, https:\/\/xn--lnamargonphotographe-b2b.fr\/wp-content\/uploads\/2024\/10\/DSC7292-scaled.jpg 1709w\" sizes=\"(max-width: 683px) 100vw, 683px\" \/><\/figure>\n\n\n\n<figure class=\"wp-block-image size-large\"><img decoding=\"async\" width=\"683\" height=\"1024\" data-id=\"219\" src=\"https:\/\/xn--lnamargonphotographe-b2b.fr\/wp-content\/uploads\/2024\/10\/DSC7237-683x1024.jpg\" alt=\"\" class=\"wp-image-219\" srcset=\"https:\/\/xn--lnamargonphotographe-b2b.fr\/wp-content\/uploads\/2024\/10\/DSC7237-683x1024.jpg 683w, https:\/\/xn--lnamargonphotographe-b2b.fr\/wp-content\/uploads\/2024\/10\/DSC7237-200x300.jpg 200w, https:\/\/xn--lnamargonphotographe-b2b.fr\/wp-content\/uploads\/2024\/10\/DSC7237-2000x2997.jpg 2000w, https:\/\/xn--lnamargonphotographe-b2b.fr\/wp-content\/uploads\/2024\/10\/DSC7237-scaled.jpg 1709w\" sizes=\"(max-width: 683px) 100vw, 683px\" \/><\/figure>\n\n\n\n<figure class=\"wp-block-image size-large\"><img loading=\"lazy\" decoding=\"async\" width=\"681\" height=\"1024\" data-id=\"257\" src=\"https:\/\/xn--lnamargonphotographe-b2b.fr\/wp-content\/uploads\/2024\/10\/Francoise-81-Edit-2-681x1024.jpg\" alt=\"\" class=\"wp-image-257\" srcset=\"https:\/\/xn--lnamargonphotographe-b2b.fr\/wp-content\/uploads\/2024\/10\/Francoise-81-Edit-2-681x1024.jpg 681w, https:\/\/xn--lnamargonphotographe-b2b.fr\/wp-content\/uploads\/2024\/10\/Francoise-81-Edit-2-200x300.jpg 200w, https:\/\/xn--lnamargonphotographe-b2b.fr\/wp-content\/uploads\/2024\/10\/Francoise-81-Edit-2-2000x3006.jpg 2000w, https:\/\/xn--lnamargonphotographe-b2b.fr\/wp-content\/uploads\/2024\/10\/Francoise-81-Edit-2-scaled.jpg 1703w\" sizes=\"(max-width: 681px) 100vw, 681px\" \/><\/figure>\n\n\n\n<figure class=\"wp-block-image size-large\"><img loading=\"lazy\" decoding=\"async\" width=\"681\" height=\"1024\" data-id=\"223\" src=\"https:\/\/xn--lnamargonphotographe-b2b.fr\/wp-content\/uploads\/2024\/10\/Francoise-40-2-681x1024.jpg\" alt=\"\" class=\"wp-image-223\" srcset=\"https:\/\/xn--lnamargonphotographe-b2b.fr\/wp-content\/uploads\/2024\/10\/Francoise-40-2-681x1024.jpg 681w, https:\/\/xn--lnamargonphotographe-b2b.fr\/wp-content\/uploads\/2024\/10\/Francoise-40-2-200x300.jpg 200w, https:\/\/xn--lnamargonphotographe-b2b.fr\/wp-content\/uploads\/2024\/10\/Francoise-40-2-2000x3006.jpg 2000w, https:\/\/xn--lnamargonphotographe-b2b.fr\/wp-content\/uploads\/2024\/10\/Francoise-40-2-scaled.jpg 1703w\" sizes=\"(max-width: 681px) 100vw, 681px\" \/><\/figure>\n\n\n\n<figure class=\"wp-block-image size-large\"><img loading=\"lazy\" decoding=\"async\" width=\"681\" height=\"1024\" data-id=\"255\" src=\"https:\/\/xn--lnamargonphotographe-b2b.fr\/wp-content\/uploads\/2024\/10\/Francoise-90-Edit-2-681x1024.jpg\" alt=\"\" class=\"wp-image-255\" srcset=\"https:\/\/xn--lnamargonphotographe-b2b.fr\/wp-content\/uploads\/2024\/10\/Francoise-90-Edit-2-681x1024.jpg 681w, https:\/\/xn--lnamargonphotographe-b2b.fr\/wp-content\/uploads\/2024\/10\/Francoise-90-Edit-2-200x300.jpg 200w, https:\/\/xn--lnamargonphotographe-b2b.fr\/wp-content\/uploads\/2024\/10\/Francoise-90-Edit-2-2000x3006.jpg 2000w, https:\/\/xn--lnamargonphotographe-b2b.fr\/wp-content\/uploads\/2024\/10\/Francoise-90-Edit-2-scaled.jpg 1703w\" sizes=\"(max-width: 681px) 100vw, 681px\" \/><\/figure>\n<\/figure>\n","protected":false},"excerpt":{"rendered":"<p>La phototh\u00e9rapie est une rencontre entre l\u2019image et l\u2019\u00e9motion. \u00c0 travers cette exp\u00e9rience, je vous accompagne avec douceur pour vous aider \u00e0 vous voir autrement, \u00e0 reprendre confiance et \u00e0 vous reconnecter \u00e0 vous-m\u00eame. Un moment hors du temps, pour se red\u00e9couvrir avec bienveillance.<\/p>\n","protected":false},"author":1,"featured_media":0,"parent":0,"menu_order":0,"comment_status":"closed","ping_status":"closed","template":"","meta":{"inspiro_hide_title":false,"footnotes":""},"class_list":["post-350","page","type-page","status-publish","hentry"],"_links":{"self":[{"href":"https:\/\/xn--lnamargonphotographe-b2b.fr\/index.php\/wp-json\/wp\/v2\/pages\/350","targetHints":{"allow":["GET"]}}],"collection":[{"href":"https:\/\/xn--lnamargonphotographe-b2b.fr\/index.php\/wp-json\/wp\/v2\/pages"}],"about":[{"href":"https:\/\/xn--lnamargonphotographe-b2b.fr\/index.php\/wp-json\/wp\/v2\/types\/page"}],"author":[{"embeddable":true,"href":"https:\/\/xn--lnamargonphotographe-b2b.fr\/index.php\/wp-json\/wp\/v2\/users\/1"}],"replies":[{"embeddable":true,"href":"https:\/\/xn--lnamargonphotographe-b2b.fr\/index.php\/wp-json\/wp\/v2\/comments?post=350"}],"version-history":[{"count":6,"href":"https:\/\/xn--lnamargonphotographe-b2b.fr\/index.php\/wp-json\/wp\/v2\/pages\/350\/revisions"}],"predecessor-version":[{"id":971,"href":"https:\/\/xn--lnamargonphotographe-b2b.fr\/index.php\/wp-json\/wp\/v2\/pages\/350\/revisions\/971"}],"wp:attachment":[{"href":"https:\/\/xn--lnamargonphotographe-b2b.fr\/index.php\/wp-json\/wp\/v2\/media?parent=350"}],"curies":[{"name":"wp","href":"https:\/\/api.w.org\/{rel}","templated":true}]}}