{"id":35,"date":"2024-10-11T13:58:36","date_gmt":"2024-10-11T11:58:36","guid":{"rendered":"https:\/\/xn--lnamargonphotographe-b2b.fr\/?page_id=35"},"modified":"2025-09-09T16:42:50","modified_gmt":"2025-09-09T14:42:50","slug":"contact","status":"publish","type":"page","link":"https:\/\/xn--lnamargonphotographe-b2b.fr\/index.php\/contact\/","title":{"rendered":"Contact"},"content":{"rendered":"\n<p style=\"font-style:normal;font-weight:100\"><em>Merci \u00e0 vous de rendre chaque s\u00e9ance unique et inoubliable. Gr\u00e2ce \u00e0 votre confiance, mon travail \u00e9volue chaque jour, port\u00e9 par votre \u00e9nergie et vos histoires. Vous \u00eates une source constante d\u2019inspiration, et c\u2019est gr\u00e2ce \u00e0 vous que chaque moment pass\u00e9 ensemble devient une \u00e9tape pr\u00e9cieuse dans mon parcours.<\/em><\/p>\n\n\n\n<p><\/p>\n\n\n\n<hr class=\"wp-block-separator has-alpha-channel-opacity is-style-wide\"\/>\n\n\n\n<figure class=\"wp-block-gallery has-nested-images columns-7 is-cropped wp-block-gallery-1 is-layout-flex wp-block-gallery-is-layout-flex\">\n<figure class=\"wp-block-image size-full\"><img fetchpriority=\"high\" decoding=\"async\" width=\"2560\" height=\"1707\" data-id=\"328\" src=\"https:\/\/xn--lnamargonphotographe-b2b.fr\/wp-content\/uploads\/2024\/10\/DSC_64644-scaled.jpg\" alt=\"\" class=\"wp-image-328\" srcset=\"https:\/\/xn--lnamargonphotographe-b2b.fr\/wp-content\/uploads\/2024\/10\/DSC_64644-scaled.jpg 2560w, https:\/\/xn--lnamargonphotographe-b2b.fr\/wp-content\/uploads\/2024\/10\/DSC_64644-300x200.jpg 300w, https:\/\/xn--lnamargonphotographe-b2b.fr\/wp-content\/uploads\/2024\/10\/DSC_64644-1024x683.jpg 1024w, https:\/\/xn--lnamargonphotographe-b2b.fr\/wp-content\/uploads\/2024\/10\/DSC_64644-2000x1333.jpg 2000w, https:\/\/xn--lnamargonphotographe-b2b.fr\/wp-content\/uploads\/2024\/10\/DSC_64644-600x400.jpg 600w, https:\/\/xn--lnamargonphotographe-b2b.fr\/wp-content\/uploads\/2024\/10\/DSC_64644-1200x800.jpg 1200w\" sizes=\"(max-width: 2560px) 100vw, 2560px\" \/><\/figure>\n\n\n\n<figure class=\"wp-block-image size-large\"><img decoding=\"async\" width=\"681\" height=\"1024\" data-id=\"905\" src=\"https:\/\/xn--lnamargonphotographe-b2b.fr\/wp-content\/uploads\/2025\/09\/colson-2025-314-sur-393-681x1024.jpg\" alt=\"\" class=\"wp-image-905\" srcset=\"https:\/\/xn--lnamargonphotographe-b2b.fr\/wp-content\/uploads\/2025\/09\/colson-2025-314-sur-393-681x1024.jpg 681w, https:\/\/xn--lnamargonphotographe-b2b.fr\/wp-content\/uploads\/2025\/09\/colson-2025-314-sur-393-200x300.jpg 200w, https:\/\/xn--lnamargonphotographe-b2b.fr\/wp-content\/uploads\/2025\/09\/colson-2025-314-sur-393-2000x3006.jpg 2000w, https:\/\/xn--lnamargonphotographe-b2b.fr\/wp-content\/uploads\/2025\/09\/colson-2025-314-sur-393-scaled.jpg 1703w\" sizes=\"(max-width: 681px) 100vw, 681px\" \/><\/figure>\n\n\n\n<figure class=\"wp-block-image size-large\"><img decoding=\"async\" width=\"1024\" height=\"790\" data-id=\"618\" src=\"https:\/\/xn--lnamargonphotographe-b2b.fr\/wp-content\/uploads\/2024\/11\/DSC_1107-1024x790.jpg\" alt=\"\" class=\"wp-image-618\" srcset=\"https:\/\/xn--lnamargonphotographe-b2b.fr\/wp-content\/uploads\/2024\/11\/DSC_1107-1024x790.jpg 1024w, https:\/\/xn--lnamargonphotographe-b2b.fr\/wp-content\/uploads\/2024\/11\/DSC_1107-300x232.jpg 300w, https:\/\/xn--lnamargonphotographe-b2b.fr\/wp-content\/uploads\/2024\/11\/DSC_1107-2000x1544.jpg 2000w\" sizes=\"(max-width: 1024px) 100vw, 1024px\" \/><\/figure>\n\n\n\n<figure class=\"wp-block-image size-large\"><img loading=\"lazy\" decoding=\"async\" width=\"681\" height=\"1024\" data-id=\"894\" src=\"https:\/\/xn--lnamargonphotographe-b2b.fr\/wp-content\/uploads\/2025\/09\/Gaelle-50-sur-85-681x1024.jpg\" alt=\"\" class=\"wp-image-894\" srcset=\"https:\/\/xn--lnamargonphotographe-b2b.fr\/wp-content\/uploads\/2025\/09\/Gaelle-50-sur-85-681x1024.jpg 681w, https:\/\/xn--lnamargonphotographe-b2b.fr\/wp-content\/uploads\/2025\/09\/Gaelle-50-sur-85-200x300.jpg 200w, https:\/\/xn--lnamargonphotographe-b2b.fr\/wp-content\/uploads\/2025\/09\/Gaelle-50-sur-85-2000x3006.jpg 2000w, https:\/\/xn--lnamargonphotographe-b2b.fr\/wp-content\/uploads\/2025\/09\/Gaelle-50-sur-85-scaled.jpg 1703w\" sizes=\"(max-width: 681px) 100vw, 681px\" \/><\/figure>\n\n\n\n<figure class=\"wp-block-image size-large\"><img loading=\"lazy\" decoding=\"async\" width=\"1024\" height=\"682\" data-id=\"324\" src=\"https:\/\/xn--lnamargonphotographe-b2b.fr\/wp-content\/uploads\/2024\/10\/DSC_0068-2-1024x682.jpg\" alt=\"\" class=\"wp-image-324\" srcset=\"https:\/\/xn--lnamargonphotographe-b2b.fr\/wp-content\/uploads\/2024\/10\/DSC_0068-2-1024x682.jpg 1024w, https:\/\/xn--lnamargonphotographe-b2b.fr\/wp-content\/uploads\/2024\/10\/DSC_0068-2-300x200.jpg 300w, https:\/\/xn--lnamargonphotographe-b2b.fr\/wp-content\/uploads\/2024\/10\/DSC_0068-2-2000x1331.jpg 2000w, https:\/\/xn--lnamargonphotographe-b2b.fr\/wp-content\/uploads\/2024\/10\/DSC_0068-2-600x400.jpg 600w, https:\/\/xn--lnamargonphotographe-b2b.fr\/wp-content\/uploads\/2024\/10\/DSC_0068-2-1200x800.jpg 1200w, https:\/\/xn--lnamargonphotographe-b2b.fr\/wp-content\/uploads\/2024\/10\/DSC_0068-2.jpg 2048w\" sizes=\"(max-width: 1024px) 100vw, 1024px\" \/><\/figure>\n\n\n\n<figure class=\"wp-block-image size-large\"><img loading=\"lazy\" decoding=\"async\" width=\"681\" height=\"1024\" data-id=\"615\" src=\"https:\/\/xn--lnamargonphotographe-b2b.fr\/wp-content\/uploads\/2024\/11\/DSC_1286-681x1024.jpg\" alt=\"\" class=\"wp-image-615\" srcset=\"https:\/\/xn--lnamargonphotographe-b2b.fr\/wp-content\/uploads\/2024\/11\/DSC_1286-681x1024.jpg 681w, https:\/\/xn--lnamargonphotographe-b2b.fr\/wp-content\/uploads\/2024\/11\/DSC_1286-200x300.jpg 200w, https:\/\/xn--lnamargonphotographe-b2b.fr\/wp-content\/uploads\/2024\/11\/DSC_1286-2000x3006.jpg 2000w, https:\/\/xn--lnamargonphotographe-b2b.fr\/wp-content\/uploads\/2024\/11\/DSC_1286-scaled.jpg 1703w\" sizes=\"(max-width: 681px) 100vw, 681px\" \/><\/figure>\n\n\n\n<figure class=\"wp-block-image size-large\"><img loading=\"lazy\" decoding=\"async\" width=\"1024\" height=\"634\" data-id=\"853\" src=\"http:\/\/xn--lnamargonphotographe-b2b.fr\/wp-content\/uploads\/2025\/06\/Lulu-Caro-Adam-21-1024x634.jpg\" alt=\"\" class=\"wp-image-853\" srcset=\"https:\/\/xn--lnamargonphotographe-b2b.fr\/wp-content\/uploads\/2025\/06\/Lulu-Caro-Adam-21-1024x634.jpg 1024w, https:\/\/xn--lnamargonphotographe-b2b.fr\/wp-content\/uploads\/2025\/06\/Lulu-Caro-Adam-21-300x186.jpg 300w, https:\/\/xn--lnamargonphotographe-b2b.fr\/wp-content\/uploads\/2025\/06\/Lulu-Caro-Adam-21-2000x1239.jpg 2000w\" sizes=\"(max-width: 1024px) 100vw, 1024px\" \/><\/figure>\n<\/figure>\n\n\n\n<div class=\"wp-block-columns is-layout-flex wp-container-core-columns-is-layout-28f84493 wp-block-columns-is-layout-flex\">\n<div class=\"wp-block-column is-layout-flow wp-block-column-is-layout-flow\">\n<p class=\"has-text-align-center\" style=\"font-style:normal;font-weight:100\">R\u00e9serve ta s\u00e9ance unique \u00e0 toi \ud83d\ude42<\/p>\n\n\n\n<p><\/p>\n\n\n\n<p><\/p>\n\n\n\n<p class=\"has-medium-font-size\" style=\"font-style:normal;font-weight:100\"><em>L\u00c9NA MARGON PHOTOGRAPHE<\/em><\/p>\n\n\n\n<p class=\"has-small-font-size\" style=\"font-style:normal;font-weight:100;text-decoration:underline\"><em>T\u00c9L\u00c9PHONE : 06.23.50.25.04<\/em><\/p>\n\n\n\n<p class=\"has-small-font-size\" style=\"font-style:normal;font-weight:100;text-decoration:underline\"><em>MAIL : lenaamargon@gmail.com<\/em><\/p>\n\n\n\n<p class=\"has-x-small-font-size\" style=\"font-style:normal;font-weight:100\"><\/p>\n\n\n\n<p><\/p>\n\n\n\n<p><\/p>\n\n\n\n<p><\/p>\n\n\n\n<p><\/p>\n<\/div>\n\n\n\n<div class=\"wp-block-column is-vertically-aligned-center is-layout-flow wp-block-column-is-layout-flow\">\n<div class=\"wp-block-contact-form-7-contact-form-selector\">\n<div class=\"wpcf7 no-js\" id=\"wpcf7-f379-o1\" lang=\"fr-FR\" dir=\"ltr\" data-wpcf7-id=\"379\">\n<div class=\"screen-reader-response\"><p role=\"status\" aria-live=\"polite\" aria-atomic=\"true\"><\/p> <ul><\/ul><\/div>\n<form action=\"\/index.php\/wp-json\/wp\/v2\/pages\/35#wpcf7-f379-o1\" method=\"post\" class=\"wpcf7-form init\" aria-label=\"Formulaire de contact\" novalidate=\"novalidate\" data-status=\"init\">\n<fieldset class=\"hidden-fields-container\"><input type=\"hidden\" name=\"_wpcf7\" value=\"379\" \/><input type=\"hidden\" name=\"_wpcf7_version\" value=\"6.1.5\" \/><input type=\"hidden\" name=\"_wpcf7_locale\" value=\"fr_FR\" \/><input type=\"hidden\" name=\"_wpcf7_unit_tag\" value=\"wpcf7-f379-o1\" \/><input type=\"hidden\" name=\"_wpcf7_container_post\" value=\"0\" \/><input type=\"hidden\" name=\"_wpcf7_posted_data_hash\" value=\"\" \/>\n<\/fieldset>\n<p><label> Votre nom<br \/>\n<span class=\"wpcf7-form-control-wrap\" data-name=\"your-name\"><input size=\"40\" maxlength=\"400\" class=\"wpcf7-form-control wpcf7-text wpcf7-validates-as-required\" autocomplete=\"name\" aria-required=\"true\" aria-invalid=\"false\" value=\"\" type=\"text\" name=\"your-name\" \/><\/span> <\/label>\n<\/p>\n<p><label> Votre e-mail<br \/>\n<span class=\"wpcf7-form-control-wrap\" data-name=\"your-email\"><input size=\"40\" maxlength=\"400\" class=\"wpcf7-form-control wpcf7-email wpcf7-validates-as-required wpcf7-text wpcf7-validates-as-email\" autocomplete=\"email\" aria-required=\"true\" aria-invalid=\"false\" value=\"\" type=\"email\" name=\"your-email\" \/><\/span> <\/label>\n<\/p>\n<p><label> Objet<br \/>\n<span class=\"wpcf7-form-control-wrap\" data-name=\"your-subject\"><input size=\"40\" maxlength=\"400\" class=\"wpcf7-form-control wpcf7-text wpcf7-validates-as-required\" aria-required=\"true\" aria-invalid=\"false\" value=\"\" type=\"text\" name=\"your-subject\" \/><\/span> <\/label>\n<\/p>\n<p><label> Votre message (facultatif)<br \/>\n<span class=\"wpcf7-form-control-wrap\" data-name=\"your-message\"><textarea cols=\"40\" rows=\"10\" maxlength=\"2000\" class=\"wpcf7-form-control wpcf7-textarea\" aria-invalid=\"false\" name=\"your-message\"><\/textarea><\/span> <\/label>\n<\/p>\n<p><input class=\"wpcf7-form-control wpcf7-submit has-spinner\" type=\"submit\" value=\"Envoyer\" \/>\n<\/p><div class=\"wpcf7-response-output\" aria-hidden=\"true\"><\/div>\n<\/form>\n<\/div>\n<\/div>\n<\/div>\n<\/div>\n\n\n\n<hr class=\"wp-block-separator has-alpha-channel-opacity is-style-wide\"\/>\n\n\n\n<p style=\"font-style:normal;font-weight:100\"><\/p>\n","protected":false},"excerpt":{"rendered":"<p>Merci \u00e0 vous de rendre chaque s\u00e9ance unique et inoubliable. Gr\u00e2ce \u00e0 votre confiance, mon travail \u00e9volue chaque jour, port\u00e9 par votre \u00e9nergie et vos histoires. Vous \u00eates une source constante d\u2019inspiration, et c\u2019est gr\u00e2ce \u00e0 vous que chaque moment pass\u00e9 ensemble devient une \u00e9tape pr\u00e9cieuse dans mon parcours. R\u00e9serve ta s\u00e9ance unique \u00e0 toi &hellip; <\/p>\n<p class=\"link-more\"><a href=\"https:\/\/xn--lnamargonphotographe-b2b.fr\/index.php\/contact\/\" class=\"more-link\">Lire la suite de<span class=\"screen-reader-text\">\u00ab\u00a0Contact\u00a0\u00bb<\/span><\/a><\/p>\n","protected":false},"author":1,"featured_media":0,"parent":0,"menu_order":0,"comment_status":"closed","ping_status":"closed","template":"","meta":{"inspiro_hide_title":false,"footnotes":""},"class_list":["post-35","page","type-page","status-publish","hentry"],"_links":{"self":[{"href":"https:\/\/xn--lnamargonphotographe-b2b.fr\/index.php\/wp-json\/wp\/v2\/pages\/35","targetHints":{"allow":["GET"]}}],"collection":[{"href":"https:\/\/xn--lnamargonphotographe-b2b.fr\/index.php\/wp-json\/wp\/v2\/pages"}],"about":[{"href":"https:\/\/xn--lnamargonphotographe-b2b.fr\/index.php\/wp-json\/wp\/v2\/types\/page"}],"author":[{"embeddable":true,"href":"https:\/\/xn--lnamargonphotographe-b2b.fr\/index.php\/wp-json\/wp\/v2\/users\/1"}],"replies":[{"embeddable":true,"href":"https:\/\/xn--lnamargonphotographe-b2b.fr\/index.php\/wp-json\/wp\/v2\/comments?post=35"}],"version-history":[{"count":14,"href":"https:\/\/xn--lnamargonphotographe-b2b.fr\/index.php\/wp-json\/wp\/v2\/pages\/35\/revisions"}],"predecessor-version":[{"id":910,"href":"https:\/\/xn--lnamargonphotographe-b2b.fr\/index.php\/wp-json\/wp\/v2\/pages\/35\/revisions\/910"}],"wp:attachment":[{"href":"https:\/\/xn--lnamargonphotographe-b2b.fr\/index.php\/wp-json\/wp\/v2\/media?parent=35"}],"curies":[{"name":"wp","href":"https:\/\/api.w.org\/{rel}","templated":true}]}}