{"id":348,"date":"2024-10-14T12:50:26","date_gmt":"2024-10-14T10:50:26","guid":{"rendered":"https:\/\/xn--lnamargonphotographe-b2b.fr\/?page_id=348"},"modified":"2024-11-08T14:49:47","modified_gmt":"2024-11-08T13:49:47","slug":"famille_couple","status":"publish","type":"page","link":"https:\/\/xn--lnamargonphotographe-b2b.fr\/index.php\/famille_couple\/","title":{"rendered":"Famille_Couple"},"content":{"rendered":"\n<p class=\"has-text-align-center\"><strong>Des sourires, des \u00e9clats de rire, des instants \u00e0 jamais grav\u00e9s :<\/strong><\/p>\n\n\n\n<p style=\"font-style:normal;font-weight:100\">Vos liens captur\u00e9s en toute simplicit\u00e9 Chaque famille, chaque couple a sa propre dynamique, ses propres moments de complicit\u00e9. Une s\u00e9ance photo est l\u2019occasion de mettre en lumi\u00e8re ces liens qui vous unissent, de capturer ces instants que l\u2019on vit souvent sans s\u2019en rendre compte. C\u2019est dans ces regards \u00e9chang\u00e9s, ces sourires partag\u00e9s, que se trouvent les plus belles histoires \u00e0 raconter. Ensemble, nous cr\u00e9erons des images authentiques, loin des poses fig\u00e9es, pour r\u00e9v\u00e9ler la v\u00e9ritable essence de vos relations. Que ce soit en ext\u00e9rieur, dans un cadre qui vous parle, ou dans un endroit plus intime, chaque s\u00e9ance sera un moment unique. Je capture l\u2019\u00e9nergie de vos moments de rire, de tendresse, et m\u00eame ces instants de silence qui en disent long sur vos liens. Avec mon regard attentif, je cherche \u00e0 raconter votre histoire de la mani\u00e8re la plus naturelle possible, en laissant place \u00e0 la spontan\u00e9it\u00e9 et \u00e0 l\u2019\u00e9motion. Chaque famille, chaque couple est unique, et mes photos le seront aussi, \u00e0 votre image.<\/p>\n\n\n\n<figure class=\"wp-block-gallery has-nested-images columns-default is-cropped wp-block-gallery-1 is-layout-flex wp-block-gallery-is-layout-flex\">\n<figure class=\"wp-block-image size-large\"><img fetchpriority=\"high\" decoding=\"async\" width=\"1024\" height=\"683\" data-id=\"271\" src=\"https:\/\/xn--lnamargonphotographe-b2b.fr\/wp-content\/uploads\/2024\/10\/Jules-Maya-21-1024x683.jpg\" alt=\"\" class=\"wp-image-271\" srcset=\"https:\/\/xn--lnamargonphotographe-b2b.fr\/wp-content\/uploads\/2024\/10\/Jules-Maya-21-1024x683.jpg 1024w, https:\/\/xn--lnamargonphotographe-b2b.fr\/wp-content\/uploads\/2024\/10\/Jules-Maya-21-300x200.jpg 300w, https:\/\/xn--lnamargonphotographe-b2b.fr\/wp-content\/uploads\/2024\/10\/Jules-Maya-21-2000x1334.jpg 2000w, https:\/\/xn--lnamargonphotographe-b2b.fr\/wp-content\/uploads\/2024\/10\/Jules-Maya-21-600x400.jpg 600w, https:\/\/xn--lnamargonphotographe-b2b.fr\/wp-content\/uploads\/2024\/10\/Jules-Maya-21-1200x800.jpg 1200w\" sizes=\"(max-width: 1024px) 100vw, 1024px\" \/><\/figure>\n\n\n\n<figure class=\"wp-block-image size-large\"><img decoding=\"async\" width=\"1024\" height=\"683\" data-id=\"272\" src=\"https:\/\/xn--lnamargonphotographe-b2b.fr\/wp-content\/uploads\/2024\/10\/Jules-Maya-23-1024x683.jpg\" alt=\"\" class=\"wp-image-272\" srcset=\"https:\/\/xn--lnamargonphotographe-b2b.fr\/wp-content\/uploads\/2024\/10\/Jules-Maya-23-1024x683.jpg 1024w, https:\/\/xn--lnamargonphotographe-b2b.fr\/wp-content\/uploads\/2024\/10\/Jules-Maya-23-300x200.jpg 300w, https:\/\/xn--lnamargonphotographe-b2b.fr\/wp-content\/uploads\/2024\/10\/Jules-Maya-23-2000x1334.jpg 2000w, https:\/\/xn--lnamargonphotographe-b2b.fr\/wp-content\/uploads\/2024\/10\/Jules-Maya-23-600x400.jpg 600w, https:\/\/xn--lnamargonphotographe-b2b.fr\/wp-content\/uploads\/2024\/10\/Jules-Maya-23-1200x800.jpg 1200w\" sizes=\"(max-width: 1024px) 100vw, 1024px\" \/><\/figure>\n\n\n\n<figure class=\"wp-block-image size-large\"><img decoding=\"async\" width=\"1024\" height=\"683\" data-id=\"269\" src=\"https:\/\/xn--lnamargonphotographe-b2b.fr\/wp-content\/uploads\/2024\/10\/Jules-Maya-27-1024x683.jpg\" alt=\"\" class=\"wp-image-269\" srcset=\"https:\/\/xn--lnamargonphotographe-b2b.fr\/wp-content\/uploads\/2024\/10\/Jules-Maya-27-1024x683.jpg 1024w, https:\/\/xn--lnamargonphotographe-b2b.fr\/wp-content\/uploads\/2024\/10\/Jules-Maya-27-300x200.jpg 300w, https:\/\/xn--lnamargonphotographe-b2b.fr\/wp-content\/uploads\/2024\/10\/Jules-Maya-27-2000x1333.jpg 2000w, https:\/\/xn--lnamargonphotographe-b2b.fr\/wp-content\/uploads\/2024\/10\/Jules-Maya-27-600x400.jpg 600w, https:\/\/xn--lnamargonphotographe-b2b.fr\/wp-content\/uploads\/2024\/10\/Jules-Maya-27-1200x800.jpg 1200w\" sizes=\"(max-width: 1024px) 100vw, 1024px\" \/><\/figure>\n\n\n\n<figure class=\"wp-block-image size-large\"><img loading=\"lazy\" decoding=\"async\" width=\"1024\" height=\"683\" data-id=\"276\" src=\"https:\/\/xn--lnamargonphotographe-b2b.fr\/wp-content\/uploads\/2024\/10\/Jules-Maya-17-1024x683.jpg\" alt=\"\" class=\"wp-image-276\" srcset=\"https:\/\/xn--lnamargonphotographe-b2b.fr\/wp-content\/uploads\/2024\/10\/Jules-Maya-17-1024x683.jpg 1024w, https:\/\/xn--lnamargonphotographe-b2b.fr\/wp-content\/uploads\/2024\/10\/Jules-Maya-17-300x200.jpg 300w, https:\/\/xn--lnamargonphotographe-b2b.fr\/wp-content\/uploads\/2024\/10\/Jules-Maya-17-2000x1333.jpg 2000w, https:\/\/xn--lnamargonphotographe-b2b.fr\/wp-content\/uploads\/2024\/10\/Jules-Maya-17-600x400.jpg 600w, https:\/\/xn--lnamargonphotographe-b2b.fr\/wp-content\/uploads\/2024\/10\/Jules-Maya-17-1200x800.jpg 1200w\" sizes=\"(max-width: 1024px) 100vw, 1024px\" \/><\/figure>\n\n\n\n<figure class=\"wp-block-image size-large\"><img loading=\"lazy\" decoding=\"async\" width=\"758\" height=\"1024\" data-id=\"635\" src=\"https:\/\/xn--lnamargonphotographe-b2b.fr\/wp-content\/uploads\/2024\/11\/DSC_1737-Modifier-758x1024.jpg\" alt=\"\" class=\"wp-image-635\" srcset=\"https:\/\/xn--lnamargonphotographe-b2b.fr\/wp-content\/uploads\/2024\/11\/DSC_1737-Modifier-758x1024.jpg 758w, https:\/\/xn--lnamargonphotographe-b2b.fr\/wp-content\/uploads\/2024\/11\/DSC_1737-Modifier-222x300.jpg 222w, https:\/\/xn--lnamargonphotographe-b2b.fr\/wp-content\/uploads\/2024\/11\/DSC_1737-Modifier-2000x2700.jpg 2000w, https:\/\/xn--lnamargonphotographe-b2b.fr\/wp-content\/uploads\/2024\/11\/DSC_1737-Modifier-scaled.jpg 1896w\" sizes=\"(max-width: 758px) 100vw, 758px\" \/><\/figure>\n\n\n\n<figure class=\"wp-block-image size-large\"><img loading=\"lazy\" decoding=\"async\" width=\"668\" height=\"1024\" data-id=\"634\" src=\"https:\/\/xn--lnamargonphotographe-b2b.fr\/wp-content\/uploads\/2024\/11\/DSC_1694-668x1024.jpg\" alt=\"\" class=\"wp-image-634\" srcset=\"https:\/\/xn--lnamargonphotographe-b2b.fr\/wp-content\/uploads\/2024\/11\/DSC_1694-668x1024.jpg 668w, https:\/\/xn--lnamargonphotographe-b2b.fr\/wp-content\/uploads\/2024\/11\/DSC_1694-196x300.jpg 196w, https:\/\/xn--lnamargonphotographe-b2b.fr\/wp-content\/uploads\/2024\/11\/DSC_1694-2000x3068.jpg 2000w, https:\/\/xn--lnamargonphotographe-b2b.fr\/wp-content\/uploads\/2024\/11\/DSC_1694-scaled.jpg 1669w\" sizes=\"(max-width: 668px) 100vw, 668px\" \/><\/figure>\n\n\n\n<figure class=\"wp-block-image size-large\"><img loading=\"lazy\" decoding=\"async\" width=\"639\" height=\"1024\" data-id=\"623\" src=\"https:\/\/xn--lnamargonphotographe-b2b.fr\/wp-content\/uploads\/2024\/11\/DSC_1347-639x1024.jpg\" alt=\"\" class=\"wp-image-623\" srcset=\"https:\/\/xn--lnamargonphotographe-b2b.fr\/wp-content\/uploads\/2024\/11\/DSC_1347-639x1024.jpg 639w, https:\/\/xn--lnamargonphotographe-b2b.fr\/wp-content\/uploads\/2024\/11\/DSC_1347-187x300.jpg 187w, https:\/\/xn--lnamargonphotographe-b2b.fr\/wp-content\/uploads\/2024\/11\/DSC_1347-2000x3205.jpg 2000w, https:\/\/xn--lnamargonphotographe-b2b.fr\/wp-content\/uploads\/2024\/11\/DSC_1347-scaled.jpg 1597w\" sizes=\"(max-width: 639px) 100vw, 639px\" \/><\/figure>\n\n\n\n<figure class=\"wp-block-image size-large\"><img loading=\"lazy\" decoding=\"async\" width=\"1024\" height=\"652\" data-id=\"627\" src=\"https:\/\/xn--lnamargonphotographe-b2b.fr\/wp-content\/uploads\/2024\/11\/DSC_1484-Modifier-1024x652.jpg\" alt=\"\" class=\"wp-image-627\" srcset=\"https:\/\/xn--lnamargonphotographe-b2b.fr\/wp-content\/uploads\/2024\/11\/DSC_1484-Modifier-1024x652.jpg 1024w, https:\/\/xn--lnamargonphotographe-b2b.fr\/wp-content\/uploads\/2024\/11\/DSC_1484-Modifier-300x191.jpg 300w, https:\/\/xn--lnamargonphotographe-b2b.fr\/wp-content\/uploads\/2024\/11\/DSC_1484-Modifier-2000x1273.jpg 2000w\" sizes=\"(max-width: 1024px) 100vw, 1024px\" \/><\/figure>\n\n\n\n<figure class=\"wp-block-image size-large\"><img loading=\"lazy\" decoding=\"async\" width=\"1024\" height=\"681\" data-id=\"304\" src=\"https:\/\/xn--lnamargonphotographe-b2b.fr\/wp-content\/uploads\/2024\/10\/Laligant-122-1024x681.jpg\" alt=\"\" class=\"wp-image-304\" srcset=\"https:\/\/xn--lnamargonphotographe-b2b.fr\/wp-content\/uploads\/2024\/10\/Laligant-122-1024x681.jpg 1024w, https:\/\/xn--lnamargonphotographe-b2b.fr\/wp-content\/uploads\/2024\/10\/Laligant-122-300x200.jpg 300w\" sizes=\"(max-width: 1024px) 100vw, 1024px\" \/><\/figure>\n\n\n\n<figure class=\"wp-block-image size-large\"><img loading=\"lazy\" decoding=\"async\" width=\"1024\" height=\"661\" data-id=\"616\" src=\"https:\/\/xn--lnamargonphotographe-b2b.fr\/wp-content\/uploads\/2024\/11\/DSC_1464-Modifier-1024x661.jpg\" alt=\"\" class=\"wp-image-616\" srcset=\"https:\/\/xn--lnamargonphotographe-b2b.fr\/wp-content\/uploads\/2024\/11\/DSC_1464-Modifier-1024x661.jpg 1024w, https:\/\/xn--lnamargonphotographe-b2b.fr\/wp-content\/uploads\/2024\/11\/DSC_1464-Modifier-300x194.jpg 300w, https:\/\/xn--lnamargonphotographe-b2b.fr\/wp-content\/uploads\/2024\/11\/DSC_1464-Modifier-2000x1291.jpg 2000w\" sizes=\"(max-width: 1024px) 100vw, 1024px\" \/><\/figure>\n\n\n\n<figure class=\"wp-block-image size-large\"><img loading=\"lazy\" decoding=\"async\" width=\"1024\" height=\"681\" data-id=\"296\" src=\"https:\/\/xn--lnamargonphotographe-b2b.fr\/wp-content\/uploads\/2024\/10\/Laligant-86-1024x681.jpg\" alt=\"\" class=\"wp-image-296\" srcset=\"https:\/\/xn--lnamargonphotographe-b2b.fr\/wp-content\/uploads\/2024\/10\/Laligant-86-1024x681.jpg 1024w, https:\/\/xn--lnamargonphotographe-b2b.fr\/wp-content\/uploads\/2024\/10\/Laligant-86-300x200.jpg 300w, https:\/\/xn--lnamargonphotographe-b2b.fr\/wp-content\/uploads\/2024\/10\/Laligant-86-2000x1331.jpg 2000w, https:\/\/xn--lnamargonphotographe-b2b.fr\/wp-content\/uploads\/2024\/10\/Laligant-86-600x400.jpg 600w\" sizes=\"(max-width: 1024px) 100vw, 1024px\" \/><\/figure>\n\n\n\n<figure class=\"wp-block-image size-large\"><img loading=\"lazy\" decoding=\"async\" width=\"1024\" height=\"681\" data-id=\"301\" src=\"https:\/\/xn--lnamargonphotographe-b2b.fr\/wp-content\/uploads\/2024\/10\/Laligant-33-1024x681.jpg\" alt=\"\" class=\"wp-image-301\" srcset=\"https:\/\/xn--lnamargonphotographe-b2b.fr\/wp-content\/uploads\/2024\/10\/Laligant-33-1024x681.jpg 1024w, https:\/\/xn--lnamargonphotographe-b2b.fr\/wp-content\/uploads\/2024\/10\/Laligant-33-300x200.jpg 300w\" sizes=\"(max-width: 1024px) 100vw, 1024px\" \/><\/figure>\n\n\n\n<figure class=\"wp-block-image size-large\"><img loading=\"lazy\" decoding=\"async\" width=\"1024\" height=\"681\" data-id=\"298\" src=\"https:\/\/xn--lnamargonphotographe-b2b.fr\/wp-content\/uploads\/2024\/10\/Laligant-81-1024x681.jpg\" alt=\"\" class=\"wp-image-298\" srcset=\"https:\/\/xn--lnamargonphotographe-b2b.fr\/wp-content\/uploads\/2024\/10\/Laligant-81-1024x681.jpg 1024w, https:\/\/xn--lnamargonphotographe-b2b.fr\/wp-content\/uploads\/2024\/10\/Laligant-81-300x200.jpg 300w, https:\/\/xn--lnamargonphotographe-b2b.fr\/wp-content\/uploads\/2024\/10\/Laligant-81-2000x1331.jpg 2000w, https:\/\/xn--lnamargonphotographe-b2b.fr\/wp-content\/uploads\/2024\/10\/Laligant-81-600x400.jpg 600w\" sizes=\"(max-width: 1024px) 100vw, 1024px\" \/><\/figure>\n\n\n\n<figure class=\"wp-block-image size-large\"><img loading=\"lazy\" decoding=\"async\" width=\"1024\" height=\"681\" data-id=\"295\" src=\"https:\/\/xn--lnamargonphotographe-b2b.fr\/wp-content\/uploads\/2024\/10\/Laligant-74-1024x681.jpg\" alt=\"\" class=\"wp-image-295\" srcset=\"https:\/\/xn--lnamargonphotographe-b2b.fr\/wp-content\/uploads\/2024\/10\/Laligant-74-1024x681.jpg 1024w, https:\/\/xn--lnamargonphotographe-b2b.fr\/wp-content\/uploads\/2024\/10\/Laligant-74-300x200.jpg 300w\" sizes=\"(max-width: 1024px) 100vw, 1024px\" \/><\/figure>\n\n\n\n<figure class=\"wp-block-image size-large\"><img loading=\"lazy\" decoding=\"async\" width=\"1024\" height=\"681\" data-id=\"292\" src=\"https:\/\/xn--lnamargonphotographe-b2b.fr\/wp-content\/uploads\/2024\/10\/Laligant-101-1024x681.jpg\" alt=\"\" class=\"wp-image-292\" srcset=\"https:\/\/xn--lnamargonphotographe-b2b.fr\/wp-content\/uploads\/2024\/10\/Laligant-101-1024x681.jpg 1024w, https:\/\/xn--lnamargonphotographe-b2b.fr\/wp-content\/uploads\/2024\/10\/Laligant-101-300x200.jpg 300w\" sizes=\"(max-width: 1024px) 100vw, 1024px\" \/><\/figure>\n\n\n\n<figure class=\"wp-block-image size-large\"><img loading=\"lazy\" decoding=\"async\" width=\"1024\" height=\"681\" data-id=\"303\" src=\"https:\/\/xn--lnamargonphotographe-b2b.fr\/wp-content\/uploads\/2024\/10\/Laligant-108-1024x681.jpg\" alt=\"\" class=\"wp-image-303\" srcset=\"https:\/\/xn--lnamargonphotographe-b2b.fr\/wp-content\/uploads\/2024\/10\/Laligant-108-1024x681.jpg 1024w, https:\/\/xn--lnamargonphotographe-b2b.fr\/wp-content\/uploads\/2024\/10\/Laligant-108-300x200.jpg 300w\" sizes=\"(max-width: 1024px) 100vw, 1024px\" \/><\/figure>\n\n\n\n<figure class=\"wp-block-image size-large\"><img loading=\"lazy\" decoding=\"async\" width=\"681\" height=\"1024\" data-id=\"297\" src=\"https:\/\/xn--lnamargonphotographe-b2b.fr\/wp-content\/uploads\/2024\/10\/Laligant-84-681x1024.jpg\" alt=\"\" class=\"wp-image-297\" srcset=\"https:\/\/xn--lnamargonphotographe-b2b.fr\/wp-content\/uploads\/2024\/10\/Laligant-84-681x1024.jpg 681w, https:\/\/xn--lnamargonphotographe-b2b.fr\/wp-content\/uploads\/2024\/10\/Laligant-84-200x300.jpg 200w, https:\/\/xn--lnamargonphotographe-b2b.fr\/wp-content\/uploads\/2024\/10\/Laligant-84-2000x3006.jpg 2000w, https:\/\/xn--lnamargonphotographe-b2b.fr\/wp-content\/uploads\/2024\/10\/Laligant-84-scaled.jpg 1703w\" sizes=\"(max-width: 681px) 100vw, 681px\" \/><\/figure>\n\n\n\n<figure class=\"wp-block-image size-large\"><img loading=\"lazy\" decoding=\"async\" width=\"681\" height=\"1024\" data-id=\"299\" src=\"https:\/\/xn--lnamargonphotographe-b2b.fr\/wp-content\/uploads\/2024\/10\/Laligant-97-681x1024.jpg\" alt=\"\" class=\"wp-image-299\" srcset=\"https:\/\/xn--lnamargonphotographe-b2b.fr\/wp-content\/uploads\/2024\/10\/Laligant-97-681x1024.jpg 681w, https:\/\/xn--lnamargonphotographe-b2b.fr\/wp-content\/uploads\/2024\/10\/Laligant-97-200x300.jpg 200w, https:\/\/xn--lnamargonphotographe-b2b.fr\/wp-content\/uploads\/2024\/10\/Laligant-97-2000x3006.jpg 2000w, https:\/\/xn--lnamargonphotographe-b2b.fr\/wp-content\/uploads\/2024\/10\/Laligant-97-scaled.jpg 1703w\" sizes=\"(max-width: 681px) 100vw, 681px\" \/><\/figure>\n\n\n\n<figure class=\"wp-block-image size-large\"><img loading=\"lazy\" decoding=\"async\" width=\"1024\" height=\"681\" data-id=\"294\" src=\"https:\/\/xn--lnamargonphotographe-b2b.fr\/wp-content\/uploads\/2024\/10\/Laligant-59-1024x681.jpg\" alt=\"\" class=\"wp-image-294\" srcset=\"https:\/\/xn--lnamargonphotographe-b2b.fr\/wp-content\/uploads\/2024\/10\/Laligant-59-1024x681.jpg 1024w, https:\/\/xn--lnamargonphotographe-b2b.fr\/wp-content\/uploads\/2024\/10\/Laligant-59-300x200.jpg 300w\" sizes=\"(max-width: 1024px) 100vw, 1024px\" \/><\/figure>\n\n\n\n<figure class=\"wp-block-image size-large\"><img loading=\"lazy\" decoding=\"async\" width=\"1024\" height=\"681\" data-id=\"293\" src=\"https:\/\/xn--lnamargonphotographe-b2b.fr\/wp-content\/uploads\/2024\/10\/Laligant-117-1024x681.jpg\" alt=\"\" class=\"wp-image-293\" srcset=\"https:\/\/xn--lnamargonphotographe-b2b.fr\/wp-content\/uploads\/2024\/10\/Laligant-117-1024x681.jpg 1024w, https:\/\/xn--lnamargonphotographe-b2b.fr\/wp-content\/uploads\/2024\/10\/Laligant-117-300x200.jpg 300w, https:\/\/xn--lnamargonphotographe-b2b.fr\/wp-content\/uploads\/2024\/10\/Laligant-117-2000x1331.jpg 2000w, https:\/\/xn--lnamargonphotographe-b2b.fr\/wp-content\/uploads\/2024\/10\/Laligant-117-600x400.jpg 600w\" sizes=\"(max-width: 1024px) 100vw, 1024px\" \/><\/figure>\n\n\n\n<figure class=\"wp-block-image size-large\"><img loading=\"lazy\" decoding=\"async\" width=\"1024\" height=\"681\" data-id=\"302\" src=\"https:\/\/xn--lnamargonphotographe-b2b.fr\/wp-content\/uploads\/2024\/10\/Laligant-27-1024x681.jpg\" alt=\"\" class=\"wp-image-302\" srcset=\"https:\/\/xn--lnamargonphotographe-b2b.fr\/wp-content\/uploads\/2024\/10\/Laligant-27-1024x681.jpg 1024w, https:\/\/xn--lnamargonphotographe-b2b.fr\/wp-content\/uploads\/2024\/10\/Laligant-27-300x200.jpg 300w\" sizes=\"(max-width: 1024px) 100vw, 1024px\" \/><\/figure>\n\n\n\n<figure class=\"wp-block-image size-large\"><img loading=\"lazy\" decoding=\"async\" width=\"1024\" height=\"681\" data-id=\"139\" src=\"https:\/\/xn--lnamargonphotographe-b2b.fr\/wp-content\/uploads\/2024\/10\/DSC_4762-1024x681.jpg\" alt=\"\" class=\"wp-image-139\" srcset=\"https:\/\/xn--lnamargonphotographe-b2b.fr\/wp-content\/uploads\/2024\/10\/DSC_4762-1024x681.jpg 1024w, https:\/\/xn--lnamargonphotographe-b2b.fr\/wp-content\/uploads\/2024\/10\/DSC_4762-300x200.jpg 300w\" sizes=\"(max-width: 1024px) 100vw, 1024px\" \/><\/figure>\n<\/figure>\n","protected":false},"excerpt":{"rendered":"<p>Des sourires, des \u00e9clats de rire, des instants \u00e0 jamais grav\u00e9s : Vos liens captur\u00e9s en toute simplicit\u00e9 Chaque famille, chaque couple a sa propre dynamique, ses propres moments de complicit\u00e9. Une s\u00e9ance photo est l\u2019occasion de mettre en lumi\u00e8re ces liens qui vous unissent, de capturer ces instants que l\u2019on vit souvent sans s\u2019en &hellip; <\/p>\n<p class=\"link-more\"><a href=\"https:\/\/xn--lnamargonphotographe-b2b.fr\/index.php\/famille_couple\/\" class=\"more-link\">Lire la suite de<span class=\"screen-reader-text\">\u00ab\u00a0Famille_Couple\u00a0\u00bb<\/span><\/a><\/p>\n","protected":false},"author":1,"featured_media":0,"parent":0,"menu_order":0,"comment_status":"closed","ping_status":"closed","template":"","meta":{"inspiro_hide_title":false,"footnotes":""},"class_list":["post-348","page","type-page","status-publish","hentry"],"_links":{"self":[{"href":"https:\/\/xn--lnamargonphotographe-b2b.fr\/index.php\/wp-json\/wp\/v2\/pages\/348","targetHints":{"allow":["GET"]}}],"collection":[{"href":"https:\/\/xn--lnamargonphotographe-b2b.fr\/index.php\/wp-json\/wp\/v2\/pages"}],"about":[{"href":"https:\/\/xn--lnamargonphotographe-b2b.fr\/index.php\/wp-json\/wp\/v2\/types\/page"}],"author":[{"embeddable":true,"href":"https:\/\/xn--lnamargonphotographe-b2b.fr\/index.php\/wp-json\/wp\/v2\/users\/1"}],"replies":[{"embeddable":true,"href":"https:\/\/xn--lnamargonphotographe-b2b.fr\/index.php\/wp-json\/wp\/v2\/comments?post=348"}],"version-history":[{"count":8,"href":"https:\/\/xn--lnamargonphotographe-b2b.fr\/index.php\/wp-json\/wp\/v2\/pages\/348\/revisions"}],"predecessor-version":[{"id":666,"href":"https:\/\/xn--lnamargonphotographe-b2b.fr\/index.php\/wp-json\/wp\/v2\/pages\/348\/revisions\/666"}],"wp:attachment":[{"href":"https:\/\/xn--lnamargonphotographe-b2b.fr\/index.php\/wp-json\/wp\/v2\/media?parent=348"}],"curies":[{"name":"wp","href":"https:\/\/api.w.org\/{rel}","templated":true}]}}