{"id":100,"date":"2024-10-12T10:03:46","date_gmt":"2024-10-12T08:03:46","guid":{"rendered":"https:\/\/xn--lnamargonphotographe-b2b.fr\/?page_id=100"},"modified":"2024-11-08T14:51:45","modified_gmt":"2024-11-08T13:51:45","slug":"mariage","status":"publish","type":"page","link":"https:\/\/xn--lnamargonphotographe-b2b.fr\/index.php\/mariage\/","title":{"rendered":"Mariage"},"content":{"rendered":"\n<p class=\"has-text-align-center\" style=\"font-style:normal;font-weight:200\"><strong>L&rsquo;amour en images, un souvenir \u00e9ternel<\/strong><\/p>\n\n\n\n<p class=\"has-text-align-center\"><strong>Votre histoire d\u2019amour, captur\u00e9e dans ses plus beaux \u00e9clats.<\/strong><\/p>\n\n\n\n<p class=\"has-text-align-center\" style=\"font-style:normal;font-weight:200\">Votre mariage est bien plus qu\u2019un jour sp\u00e9cial, c\u2019est une s\u00e9rie d\u2019instants pr\u00e9cieux que l\u2019on souhaite garder pour toujours. Chaque sourire \u00e9chang\u00e9, chaque regard complice, chaque \u00e9motion captur\u00e9e raconte une partie de votre histoire. Avec moi derri\u00e8re l\u2019objectif, vous n\u2019avez pas seulement des photos, mais de v\u00e9ritables souvenirs, un album d\u2019\u00e9motions qui immortalisent chaque d\u00e9tail de cette journ\u00e9e unique.<\/p>\n\n\n\n<p class=\"has-text-align-center\" style=\"font-style:normal;font-weight:200\">Je vous accompagne discr\u00e8tement tout au long de la journ\u00e9e, afin de saisir les moments les plus spontan\u00e9s comme les plus intimes. Du premier regard \u00e0 l\u2019autel \u00e0 cette danse qui marque la fin d\u2019une journ\u00e9e magique, je veille \u00e0 capturer l\u2019\u00e2me de votre mariage. Que vous souhaitiez des prises de vue authentiques en ext\u00e9rieur ou des moments plus intimes \u00e0 l\u2019int\u00e9rieur, chaque image sera \u00e0 la hauteur de votre histoire d\u2019amour. Chaque mariage est unique, et je m&rsquo;assure que chaque photographie le refl\u00e8te, avec un regard attentif aux petits d\u00e9tails qui feront toute la diff\u00e9rence.<\/p>\n\n\n\n<p class=\"has-text-align-center\" style=\"font-style:normal;font-weight:200\">Parce que ce jour est \u00e0 vous, ensemble, nous figerons dans le temps ce qui fait l\u2019essence de votre union. Des photos qui ne vieillissent jamais, des souvenirs que vous ch\u00e9rirez toujours.<\/p>\n\n\n\n<figure class=\"wp-block-gallery has-nested-images columns-default is-cropped wp-block-gallery-1 is-layout-flex wp-block-gallery-is-layout-flex\">\n<figure class=\"wp-block-image size-large\"><img fetchpriority=\"high\" decoding=\"async\" width=\"681\" height=\"1024\" data-id=\"183\" src=\"https:\/\/xn--lnamargonphotographe-b2b.fr\/wp-content\/uploads\/2024\/10\/DSC_7540-681x1024.jpg\" alt=\"\" class=\"wp-image-183\" srcset=\"https:\/\/xn--lnamargonphotographe-b2b.fr\/wp-content\/uploads\/2024\/10\/DSC_7540-681x1024.jpg 681w, https:\/\/xn--lnamargonphotographe-b2b.fr\/wp-content\/uploads\/2024\/10\/DSC_7540-200x300.jpg 200w, https:\/\/xn--lnamargonphotographe-b2b.fr\/wp-content\/uploads\/2024\/10\/DSC_7540-2000x3006.jpg 2000w, https:\/\/xn--lnamargonphotographe-b2b.fr\/wp-content\/uploads\/2024\/10\/DSC_7540-scaled.jpg 1703w\" sizes=\"(max-width: 681px) 100vw, 681px\" \/><\/figure>\n\n\n\n<figure class=\"wp-block-image size-large\"><img decoding=\"async\" width=\"681\" height=\"1024\" data-id=\"175\" src=\"https:\/\/xn--lnamargonphotographe-b2b.fr\/wp-content\/uploads\/2024\/10\/DSC_6430-681x1024.jpg\" alt=\"\" class=\"wp-image-175\" srcset=\"https:\/\/xn--lnamargonphotographe-b2b.fr\/wp-content\/uploads\/2024\/10\/DSC_6430-681x1024.jpg 681w, https:\/\/xn--lnamargonphotographe-b2b.fr\/wp-content\/uploads\/2024\/10\/DSC_6430-200x300.jpg 200w, https:\/\/xn--lnamargonphotographe-b2b.fr\/wp-content\/uploads\/2024\/10\/DSC_6430-2000x3006.jpg 2000w, https:\/\/xn--lnamargonphotographe-b2b.fr\/wp-content\/uploads\/2024\/10\/DSC_6430-scaled.jpg 1703w\" sizes=\"(max-width: 681px) 100vw, 681px\" \/><\/figure>\n\n\n\n<figure class=\"wp-block-image size-large\"><img decoding=\"async\" width=\"683\" height=\"1024\" data-id=\"188\" src=\"https:\/\/xn--lnamargonphotographe-b2b.fr\/wp-content\/uploads\/2024\/10\/Photo-mariage-matin-108-683x1024.jpg\" alt=\"\" class=\"wp-image-188\" srcset=\"https:\/\/xn--lnamargonphotographe-b2b.fr\/wp-content\/uploads\/2024\/10\/Photo-mariage-matin-108-683x1024.jpg 683w, https:\/\/xn--lnamargonphotographe-b2b.fr\/wp-content\/uploads\/2024\/10\/Photo-mariage-matin-108-200x300.jpg 200w, https:\/\/xn--lnamargonphotographe-b2b.fr\/wp-content\/uploads\/2024\/10\/Photo-mariage-matin-108.jpg 1506w\" sizes=\"(max-width: 683px) 100vw, 683px\" \/><\/figure>\n\n\n\n<figure class=\"wp-block-image size-large\"><img loading=\"lazy\" decoding=\"async\" width=\"681\" height=\"1024\" data-id=\"187\" src=\"https:\/\/xn--lnamargonphotographe-b2b.fr\/wp-content\/uploads\/2024\/10\/DSC_7142-681x1024.jpg\" alt=\"\" class=\"wp-image-187\" srcset=\"https:\/\/xn--lnamargonphotographe-b2b.fr\/wp-content\/uploads\/2024\/10\/DSC_7142-681x1024.jpg 681w, https:\/\/xn--lnamargonphotographe-b2b.fr\/wp-content\/uploads\/2024\/10\/DSC_7142-200x300.jpg 200w, https:\/\/xn--lnamargonphotographe-b2b.fr\/wp-content\/uploads\/2024\/10\/DSC_7142-2000x3006.jpg 2000w, https:\/\/xn--lnamargonphotographe-b2b.fr\/wp-content\/uploads\/2024\/10\/DSC_7142-scaled.jpg 1703w\" sizes=\"(max-width: 681px) 100vw, 681px\" \/><\/figure>\n\n\n\n<figure class=\"wp-block-image size-large\"><img loading=\"lazy\" decoding=\"async\" width=\"681\" height=\"1024\" data-id=\"181\" src=\"https:\/\/xn--lnamargonphotographe-b2b.fr\/wp-content\/uploads\/2024\/10\/DSC_6954-681x1024.jpg\" alt=\"\" class=\"wp-image-181\" srcset=\"https:\/\/xn--lnamargonphotographe-b2b.fr\/wp-content\/uploads\/2024\/10\/DSC_6954-681x1024.jpg 681w, https:\/\/xn--lnamargonphotographe-b2b.fr\/wp-content\/uploads\/2024\/10\/DSC_6954-200x300.jpg 200w, https:\/\/xn--lnamargonphotographe-b2b.fr\/wp-content\/uploads\/2024\/10\/DSC_6954-2000x3006.jpg 2000w, https:\/\/xn--lnamargonphotographe-b2b.fr\/wp-content\/uploads\/2024\/10\/DSC_6954-scaled.jpg 1703w\" sizes=\"(max-width: 681px) 100vw, 681px\" \/><\/figure>\n\n\n\n<figure class=\"wp-block-image size-large\"><img loading=\"lazy\" decoding=\"async\" width=\"1024\" height=\"681\" data-id=\"169\" src=\"https:\/\/xn--lnamargonphotographe-b2b.fr\/wp-content\/uploads\/2024\/10\/Photo-mariage-20-1024x681.jpg\" alt=\"\" class=\"wp-image-169\" srcset=\"https:\/\/xn--lnamargonphotographe-b2b.fr\/wp-content\/uploads\/2024\/10\/Photo-mariage-20-1024x681.jpg 1024w, https:\/\/xn--lnamargonphotographe-b2b.fr\/wp-content\/uploads\/2024\/10\/Photo-mariage-20-300x200.jpg 300w, https:\/\/xn--lnamargonphotographe-b2b.fr\/wp-content\/uploads\/2024\/10\/Photo-mariage-20-2000x1331.jpg 2000w, https:\/\/xn--lnamargonphotographe-b2b.fr\/wp-content\/uploads\/2024\/10\/Photo-mariage-20-600x400.jpg 600w\" sizes=\"(max-width: 1024px) 100vw, 1024px\" \/><\/figure>\n\n\n\n<figure class=\"wp-block-image size-large\"><img loading=\"lazy\" decoding=\"async\" width=\"681\" height=\"1024\" data-id=\"186\" src=\"https:\/\/xn--lnamargonphotographe-b2b.fr\/wp-content\/uploads\/2024\/10\/Photo-mariage-64-681x1024.jpg\" alt=\"\" class=\"wp-image-186\" srcset=\"https:\/\/xn--lnamargonphotographe-b2b.fr\/wp-content\/uploads\/2024\/10\/Photo-mariage-64-681x1024.jpg 681w, https:\/\/xn--lnamargonphotographe-b2b.fr\/wp-content\/uploads\/2024\/10\/Photo-mariage-64-200x300.jpg 200w, https:\/\/xn--lnamargonphotographe-b2b.fr\/wp-content\/uploads\/2024\/10\/Photo-mariage-64-2000x3006.jpg 2000w, https:\/\/xn--lnamargonphotographe-b2b.fr\/wp-content\/uploads\/2024\/10\/Photo-mariage-64-scaled.jpg 1703w\" sizes=\"(max-width: 681px) 100vw, 681px\" \/><\/figure>\n\n\n\n<figure class=\"wp-block-image size-large\"><img loading=\"lazy\" decoding=\"async\" width=\"681\" height=\"1024\" data-id=\"176\" src=\"https:\/\/xn--lnamargonphotographe-b2b.fr\/wp-content\/uploads\/2024\/10\/Photo-mariage-19-681x1024.jpg\" alt=\"\" class=\"wp-image-176\" srcset=\"https:\/\/xn--lnamargonphotographe-b2b.fr\/wp-content\/uploads\/2024\/10\/Photo-mariage-19-681x1024.jpg 681w, https:\/\/xn--lnamargonphotographe-b2b.fr\/wp-content\/uploads\/2024\/10\/Photo-mariage-19-200x300.jpg 200w, https:\/\/xn--lnamargonphotographe-b2b.fr\/wp-content\/uploads\/2024\/10\/Photo-mariage-19-2000x3006.jpg 2000w, https:\/\/xn--lnamargonphotographe-b2b.fr\/wp-content\/uploads\/2024\/10\/Photo-mariage-19-scaled.jpg 1703w\" sizes=\"(max-width: 681px) 100vw, 681px\" \/><\/figure>\n\n\n\n<figure class=\"wp-block-image size-large\"><img loading=\"lazy\" decoding=\"async\" width=\"681\" height=\"1024\" data-id=\"184\" src=\"https:\/\/xn--lnamargonphotographe-b2b.fr\/wp-content\/uploads\/2024\/10\/Photo-mariage-63-681x1024.jpg\" alt=\"\" class=\"wp-image-184\" srcset=\"https:\/\/xn--lnamargonphotographe-b2b.fr\/wp-content\/uploads\/2024\/10\/Photo-mariage-63-681x1024.jpg 681w, https:\/\/xn--lnamargonphotographe-b2b.fr\/wp-content\/uploads\/2024\/10\/Photo-mariage-63-200x300.jpg 200w, https:\/\/xn--lnamargonphotographe-b2b.fr\/wp-content\/uploads\/2024\/10\/Photo-mariage-63-2000x3006.jpg 2000w, https:\/\/xn--lnamargonphotographe-b2b.fr\/wp-content\/uploads\/2024\/10\/Photo-mariage-63-scaled.jpg 1703w\" sizes=\"(max-width: 681px) 100vw, 681px\" \/><\/figure>\n\n\n\n<figure class=\"wp-block-image size-large\"><img loading=\"lazy\" decoding=\"async\" width=\"1024\" height=\"654\" data-id=\"179\" src=\"https:\/\/xn--lnamargonphotographe-b2b.fr\/wp-content\/uploads\/2024\/10\/Photo-mariage-matin-150-1024x654.jpg\" alt=\"\" class=\"wp-image-179\" srcset=\"https:\/\/xn--lnamargonphotographe-b2b.fr\/wp-content\/uploads\/2024\/10\/Photo-mariage-matin-150-1024x654.jpg 1024w, https:\/\/xn--lnamargonphotographe-b2b.fr\/wp-content\/uploads\/2024\/10\/Photo-mariage-matin-150-300x192.jpg 300w, https:\/\/xn--lnamargonphotographe-b2b.fr\/wp-content\/uploads\/2024\/10\/Photo-mariage-matin-150-2000x1277.jpg 2000w\" sizes=\"(max-width: 1024px) 100vw, 1024px\" \/><\/figure>\n\n\n\n<figure class=\"wp-block-image size-large\"><img loading=\"lazy\" decoding=\"async\" width=\"681\" height=\"1024\" data-id=\"185\" src=\"https:\/\/xn--lnamargonphotographe-b2b.fr\/wp-content\/uploads\/2024\/10\/Photo-mariage-58-681x1024.jpg\" alt=\"\" class=\"wp-image-185\" srcset=\"https:\/\/xn--lnamargonphotographe-b2b.fr\/wp-content\/uploads\/2024\/10\/Photo-mariage-58-681x1024.jpg 681w, https:\/\/xn--lnamargonphotographe-b2b.fr\/wp-content\/uploads\/2024\/10\/Photo-mariage-58-200x300.jpg 200w, https:\/\/xn--lnamargonphotographe-b2b.fr\/wp-content\/uploads\/2024\/10\/Photo-mariage-58-2000x3006.jpg 2000w, https:\/\/xn--lnamargonphotographe-b2b.fr\/wp-content\/uploads\/2024\/10\/Photo-mariage-58-scaled.jpg 1703w\" sizes=\"(max-width: 681px) 100vw, 681px\" \/><\/figure>\n\n\n\n<figure class=\"wp-block-image size-large\"><img loading=\"lazy\" decoding=\"async\" width=\"681\" height=\"1024\" data-id=\"189\" src=\"https:\/\/xn--lnamargonphotographe-b2b.fr\/wp-content\/uploads\/2024\/10\/DSC_6843-681x1024.jpg\" alt=\"\" class=\"wp-image-189\" srcset=\"https:\/\/xn--lnamargonphotographe-b2b.fr\/wp-content\/uploads\/2024\/10\/DSC_6843-681x1024.jpg 681w, https:\/\/xn--lnamargonphotographe-b2b.fr\/wp-content\/uploads\/2024\/10\/DSC_6843-200x300.jpg 200w, https:\/\/xn--lnamargonphotographe-b2b.fr\/wp-content\/uploads\/2024\/10\/DSC_6843-2000x3006.jpg 2000w, https:\/\/xn--lnamargonphotographe-b2b.fr\/wp-content\/uploads\/2024\/10\/DSC_6843-scaled.jpg 1703w\" sizes=\"(max-width: 681px) 100vw, 681px\" \/><\/figure>\n\n\n\n<figure class=\"wp-block-image size-large\"><img loading=\"lazy\" decoding=\"async\" width=\"681\" height=\"1024\" data-id=\"172\" src=\"https:\/\/xn--lnamargonphotographe-b2b.fr\/wp-content\/uploads\/2024\/10\/DSC_6409-681x1024.jpg\" alt=\"\" class=\"wp-image-172\" srcset=\"https:\/\/xn--lnamargonphotographe-b2b.fr\/wp-content\/uploads\/2024\/10\/DSC_6409-681x1024.jpg 681w, https:\/\/xn--lnamargonphotographe-b2b.fr\/wp-content\/uploads\/2024\/10\/DSC_6409-200x300.jpg 200w, https:\/\/xn--lnamargonphotographe-b2b.fr\/wp-content\/uploads\/2024\/10\/DSC_6409-2000x3006.jpg 2000w, https:\/\/xn--lnamargonphotographe-b2b.fr\/wp-content\/uploads\/2024\/10\/DSC_6409-scaled.jpg 1703w\" sizes=\"(max-width: 681px) 100vw, 681px\" \/><\/figure>\n\n\n\n<figure class=\"wp-block-image size-large\"><img loading=\"lazy\" decoding=\"async\" width=\"681\" height=\"1024\" data-id=\"182\" src=\"https:\/\/xn--lnamargonphotographe-b2b.fr\/wp-content\/uploads\/2024\/10\/DSC_6363-681x1024.jpg\" alt=\"\" class=\"wp-image-182\" srcset=\"https:\/\/xn--lnamargonphotographe-b2b.fr\/wp-content\/uploads\/2024\/10\/DSC_6363-681x1024.jpg 681w, https:\/\/xn--lnamargonphotographe-b2b.fr\/wp-content\/uploads\/2024\/10\/DSC_6363-200x300.jpg 200w, https:\/\/xn--lnamargonphotographe-b2b.fr\/wp-content\/uploads\/2024\/10\/DSC_6363-2000x3006.jpg 2000w, https:\/\/xn--lnamargonphotographe-b2b.fr\/wp-content\/uploads\/2024\/10\/DSC_6363-scaled.jpg 1703w\" sizes=\"(max-width: 681px) 100vw, 681px\" \/><\/figure>\n\n\n\n<figure class=\"wp-block-image size-large\"><img loading=\"lazy\" decoding=\"async\" width=\"681\" height=\"1024\" data-id=\"173\" src=\"https:\/\/xn--lnamargonphotographe-b2b.fr\/wp-content\/uploads\/2024\/10\/DSC_6420-681x1024.jpg\" alt=\"\" class=\"wp-image-173\" srcset=\"https:\/\/xn--lnamargonphotographe-b2b.fr\/wp-content\/uploads\/2024\/10\/DSC_6420-681x1024.jpg 681w, https:\/\/xn--lnamargonphotographe-b2b.fr\/wp-content\/uploads\/2024\/10\/DSC_6420-200x300.jpg 200w, https:\/\/xn--lnamargonphotographe-b2b.fr\/wp-content\/uploads\/2024\/10\/DSC_6420-2000x3006.jpg 2000w, https:\/\/xn--lnamargonphotographe-b2b.fr\/wp-content\/uploads\/2024\/10\/DSC_6420-scaled.jpg 1703w\" sizes=\"(max-width: 681px) 100vw, 681px\" \/><\/figure>\n\n\n\n<figure class=\"wp-block-image size-large\"><img loading=\"lazy\" decoding=\"async\" width=\"681\" height=\"1024\" data-id=\"180\" src=\"https:\/\/xn--lnamargonphotographe-b2b.fr\/wp-content\/uploads\/2024\/10\/DSC_7668-681x1024.jpg\" alt=\"\" class=\"wp-image-180\" srcset=\"https:\/\/xn--lnamargonphotographe-b2b.fr\/wp-content\/uploads\/2024\/10\/DSC_7668-681x1024.jpg 681w, https:\/\/xn--lnamargonphotographe-b2b.fr\/wp-content\/uploads\/2024\/10\/DSC_7668-200x300.jpg 200w, https:\/\/xn--lnamargonphotographe-b2b.fr\/wp-content\/uploads\/2024\/10\/DSC_7668-2000x3006.jpg 2000w, https:\/\/xn--lnamargonphotographe-b2b.fr\/wp-content\/uploads\/2024\/10\/DSC_7668-scaled.jpg 1703w\" sizes=\"(max-width: 681px) 100vw, 681px\" \/><\/figure>\n\n\n\n<figure class=\"wp-block-image size-large\"><img loading=\"lazy\" decoding=\"async\" width=\"681\" height=\"1024\" data-id=\"178\" src=\"https:\/\/xn--lnamargonphotographe-b2b.fr\/wp-content\/uploads\/2024\/10\/DSC_6417-681x1024.jpg\" alt=\"\" class=\"wp-image-178\" srcset=\"https:\/\/xn--lnamargonphotographe-b2b.fr\/wp-content\/uploads\/2024\/10\/DSC_6417-681x1024.jpg 681w, https:\/\/xn--lnamargonphotographe-b2b.fr\/wp-content\/uploads\/2024\/10\/DSC_6417-200x300.jpg 200w, https:\/\/xn--lnamargonphotographe-b2b.fr\/wp-content\/uploads\/2024\/10\/DSC_6417-2000x3006.jpg 2000w, https:\/\/xn--lnamargonphotographe-b2b.fr\/wp-content\/uploads\/2024\/10\/DSC_6417-scaled.jpg 1703w\" sizes=\"(max-width: 681px) 100vw, 681px\" \/><\/figure>\n\n\n\n<figure class=\"wp-block-image size-large\"><img loading=\"lazy\" decoding=\"async\" width=\"681\" height=\"1024\" data-id=\"177\" src=\"https:\/\/xn--lnamargonphotographe-b2b.fr\/wp-content\/uploads\/2024\/10\/DSC_6985-681x1024.jpg\" alt=\"\" class=\"wp-image-177\" srcset=\"https:\/\/xn--lnamargonphotographe-b2b.fr\/wp-content\/uploads\/2024\/10\/DSC_6985-681x1024.jpg 681w, https:\/\/xn--lnamargonphotographe-b2b.fr\/wp-content\/uploads\/2024\/10\/DSC_6985-200x300.jpg 200w, https:\/\/xn--lnamargonphotographe-b2b.fr\/wp-content\/uploads\/2024\/10\/DSC_6985-2000x3006.jpg 2000w, https:\/\/xn--lnamargonphotographe-b2b.fr\/wp-content\/uploads\/2024\/10\/DSC_6985-scaled.jpg 1703w\" sizes=\"(max-width: 681px) 100vw, 681px\" \/><\/figure>\n<\/figure>\n","protected":false},"excerpt":{"rendered":"<p>L&rsquo;amour en images, un souvenir \u00e9ternel Votre histoire d\u2019amour, captur\u00e9e dans ses plus beaux \u00e9clats. Votre mariage est bien plus qu\u2019un jour sp\u00e9cial, c\u2019est une s\u00e9rie d\u2019instants pr\u00e9cieux que l\u2019on souhaite garder pour toujours. Chaque sourire \u00e9chang\u00e9, chaque regard complice, chaque \u00e9motion captur\u00e9e raconte une partie de votre histoire. Avec moi derri\u00e8re l\u2019objectif, vous n\u2019avez &hellip; <\/p>\n<p class=\"link-more\"><a href=\"https:\/\/xn--lnamargonphotographe-b2b.fr\/index.php\/mariage\/\" class=\"more-link\">Lire la suite de<span class=\"screen-reader-text\">\u00ab\u00a0Mariage\u00a0\u00bb<\/span><\/a><\/p>\n","protected":false},"author":1,"featured_media":0,"parent":0,"menu_order":0,"comment_status":"closed","ping_status":"closed","template":"","meta":{"inspiro_hide_title":false,"footnotes":""},"class_list":["post-100","page","type-page","status-publish","hentry"],"_links":{"self":[{"href":"https:\/\/xn--lnamargonphotographe-b2b.fr\/index.php\/wp-json\/wp\/v2\/pages\/100","targetHints":{"allow":["GET"]}}],"collection":[{"href":"https:\/\/xn--lnamargonphotographe-b2b.fr\/index.php\/wp-json\/wp\/v2\/pages"}],"about":[{"href":"https:\/\/xn--lnamargonphotographe-b2b.fr\/index.php\/wp-json\/wp\/v2\/types\/page"}],"author":[{"embeddable":true,"href":"https:\/\/xn--lnamargonphotographe-b2b.fr\/index.php\/wp-json\/wp\/v2\/users\/1"}],"replies":[{"embeddable":true,"href":"https:\/\/xn--lnamargonphotographe-b2b.fr\/index.php\/wp-json\/wp\/v2\/comments?post=100"}],"version-history":[{"count":10,"href":"https:\/\/xn--lnamargonphotographe-b2b.fr\/index.php\/wp-json\/wp\/v2\/pages\/100\/revisions"}],"predecessor-version":[{"id":671,"href":"https:\/\/xn--lnamargonphotographe-b2b.fr\/index.php\/wp-json\/wp\/v2\/pages\/100\/revisions\/671"}],"wp:attachment":[{"href":"https:\/\/xn--lnamargonphotographe-b2b.fr\/index.php\/wp-json\/wp\/v2\/media?parent=100"}],"curies":[{"name":"wp","href":"https:\/\/api.w.org\/{rel}","templated":true}]}}